{"id":23508,"date":"2023-07-14T06:15:36","date_gmt":"2023-07-14T06:15:36","guid":{"rendered":"https:\/\/kitespotapp.com\/blog\/"},"modified":"2025-03-26T16:07:35","modified_gmt":"2025-03-26T16:07:35","slug":"blog","status":"publish","type":"page","link":"https:\/\/kitespotapp.com\/pt-pt\/blog\/","title":{"rendered":"Blog"},"content":{"rendered":"\t\t<div data-elementor-type=\"wp-page\" data-elementor-id=\"23508\" class=\"elementor elementor-23508 elementor-16313\" data-elementor-post-type=\"page\">\n\t\t\t\t<div class=\"elementor-element elementor-element-32dff36 e-flex e-con-boxed e-con e-parent\" data-id=\"32dff36\" data-element_type=\"container\" data-e-type=\"container\">\n\t\t\t\t\t<div class=\"e-con-inner\">\n\t\t\t\t<div class=\"elementor-element elementor-element-d649f2f elementor-grid-4 elementor-grid-tablet-2 elementor-grid-mobile-1 elementor-posts--thumbnail-top elementor-card-shadow-yes elementor-posts__hover-gradient elementor-widget elementor-widget-posts\" data-id=\"d649f2f\" data-element_type=\"widget\" data-e-type=\"widget\" data-settings=\"{&quot;cards_columns&quot;:&quot;4&quot;,&quot;cards_columns_tablet&quot;:&quot;2&quot;,&quot;cards_columns_mobile&quot;:&quot;1&quot;,&quot;cards_row_gap&quot;:{&quot;unit&quot;:&quot;px&quot;,&quot;size&quot;:35,&quot;sizes&quot;:[]},&quot;cards_row_gap_laptop&quot;:{&quot;unit&quot;:&quot;px&quot;,&quot;size&quot;:&quot;&quot;,&quot;sizes&quot;:[]},&quot;cards_row_gap_tablet_extra&quot;:{&quot;unit&quot;:&quot;px&quot;,&quot;size&quot;:&quot;&quot;,&quot;sizes&quot;:[]},&quot;cards_row_gap_tablet&quot;:{&quot;unit&quot;:&quot;px&quot;,&quot;size&quot;:&quot;&quot;,&quot;sizes&quot;:[]},&quot;cards_row_gap_mobile_extra&quot;:{&quot;unit&quot;:&quot;px&quot;,&quot;size&quot;:&quot;&quot;,&quot;sizes&quot;:[]},&quot;cards_row_gap_mobile&quot;:{&quot;unit&quot;:&quot;px&quot;,&quot;size&quot;:&quot;&quot;,&quot;sizes&quot;:[]}}\" data-widget_type=\"posts.cards\">\n\t\t\t\t<div class=\"elementor-widget-container\">\n\t\t\t\t\t\t\t<div class=\"elementor-posts-container elementor-posts elementor-posts--skin-cards elementor-grid\" role=\"list\">\n\t\t\t\t<article class=\"elementor-post elementor-grid-item post-30914 post type-post status-publish format-standard has-post-thumbnail hentry category-blog-pt-pt tag-kite-trip-pt-pt tag-kiteboarding-pt-pt tag-kitespot-pt-pt tag-kitesurf-pt-pt tag-kitesurfing-pt-pt tag-windsurfing-pt-pt tag-wingfoiling-pt-pt\" role=\"listitem\">\n\t\t\t<div class=\"elementor-post__card\">\n\t\t\t\t<a class=\"elementor-post__thumbnail__link\" href=\"https:\/\/kitespotapp.com\/pt-pt\/best-spots-in-dubai\/\" tabindex=\"-1\" ><div class=\"elementor-post__thumbnail\"><img fetchpriority=\"high\" decoding=\"async\" width=\"300\" height=\"200\" src=\"https:\/\/kitespotapp.com\/wp-content\/uploads\/2025\/01\/Schermata-2025-02-07-alle-16.28.27-300x200.png\" class=\"attachment-medium size-medium wp-image-30753\" alt=\"\" srcset=\"https:\/\/kitespotapp.com\/wp-content\/uploads\/2025\/01\/Schermata-2025-02-07-alle-16.28.27-300x200.png 300w, https:\/\/kitespotapp.com\/wp-content\/uploads\/2025\/01\/Schermata-2025-02-07-alle-16.28.27-1024x681.png 1024w, https:\/\/kitespotapp.com\/wp-content\/uploads\/2025\/01\/Schermata-2025-02-07-alle-16.28.27-768x511.png 768w, https:\/\/kitespotapp.com\/wp-content\/uploads\/2025\/01\/Schermata-2025-02-07-alle-16.28.27.png 1445w\" sizes=\"(max-width: 300px) 100vw, 300px\" \/><\/div><\/a>\n\t\t\t\t<div class=\"elementor-post__text\">\n\t\t\t\t<h3 class=\"elementor-post__title\">\n\t\t\t<a href=\"https:\/\/kitespotapp.com\/pt-pt\/best-spots-in-dubai\/\" >\n\t\t\t\tBest Spots in Dubai\t\t\t<\/a>\n\t\t<\/h3>\n\t\t\t\t<div class=\"elementor-post__excerpt\">\n\t\t\t<p>Kitesurfing in Dubai\u200b\u200b Where Warm Winds Meet Luxury Leisure\u200b\u200b Image credit: Vicky Yu (source: unsplash.com) Dubai: Where Luxury, Adventure, and<\/p>\n\t\t<\/div>\n\t\t\t\t\t<div class=\"elementor-post__read-more-wrapper\">\n\t\t\n\t\t<a class=\"elementor-post__read-more\" href=\"https:\/\/kitespotapp.com\/pt-pt\/best-spots-in-dubai\/\" aria-label=\"Read more about Best Spots in Dubai\" tabindex=\"-1\" >\n\t\t\tLeia mais \u00bb\t\t<\/a>\n\n\t\t\t\t\t<\/div>\n\t\t\t\t<\/div>\n\t\t\t\t<div class=\"elementor-post__meta-data\">\n\t\t\t\t\t<span class=\"elementor-post-date\">\n\t\t\t10 de Janeiro, 2025\t\t<\/span>\n\t\t\t\t<span class=\"elementor-post-avatar\">\n\t\t\tSem coment\u00e1rios\t\t<\/span>\n\t\t\t\t<\/div>\n\t\t\t\t\t<\/div>\n\t\t<\/article>\n\t\t\t\t<article class=\"elementor-post elementor-grid-item post-24711 post type-post status-publish format-standard has-post-thumbnail hentry category-blog category-blog-pt-pt tag-kite-spot-pt-pt tag-kiteboard-pt-pt tag-kiteboarding-pt-pt tag-kitespot-pt-pt tag-kitesurf-pt-pt tag-kitesurfing-pt-pt tag-snowkite-pt-pt tag-snowkiting-pt-pt tag-windsurf-pt-pt tag-windsurfing-pt-pt tag-wing-foil-pt-pt tag-wing-foiling-pt-pt tag-wingfoil-pt-pt tag-wingfoiling-pt-pt\" role=\"listitem\">\n\t\t\t<div class=\"elementor-post__card\">\n\t\t\t\t<a class=\"elementor-post__thumbnail__link\" href=\"https:\/\/kitespotapp.com\/pt-pt\/kitespot-charter\/\" tabindex=\"-1\" ><div class=\"elementor-post__thumbnail\"><img decoding=\"async\" width=\"300\" height=\"145\" src=\"https:\/\/kitespotapp.com\/wp-content\/uploads\/2024\/11\/Frame-2098-1-300x145.png\" class=\"attachment-medium size-medium wp-image-25993\" alt=\"\" srcset=\"https:\/\/kitespotapp.com\/wp-content\/uploads\/2024\/11\/Frame-2098-1-300x145.png 300w, https:\/\/kitespotapp.com\/wp-content\/uploads\/2024\/11\/Frame-2098-1-1024x494.png 1024w, https:\/\/kitespotapp.com\/wp-content\/uploads\/2024\/11\/Frame-2098-1-768x370.png 768w, https:\/\/kitespotapp.com\/wp-content\/uploads\/2024\/11\/Frame-2098-1-1536x740.png 1536w, https:\/\/kitespotapp.com\/wp-content\/uploads\/2024\/11\/Frame-2098-1-2048x987.png 2048w\" sizes=\"(max-width: 300px) 100vw, 300px\" \/><\/div><\/a>\n\t\t\t\t<div class=\"elementor-post__text\">\n\t\t\t\t<h3 class=\"elementor-post__title\">\n\t\t\t<a href=\"https:\/\/kitespotapp.com\/pt-pt\/kitespot-charter\/\" >\n\t\t\t\tKitespot charter\t\t\t<\/a>\n\t\t<\/h3>\n\t\t\t\t<div class=\"elementor-post__excerpt\">\n\t\t\t<p>A Carta do Surfista Respons\u00e1vel para o uso de spots de kitesurf, wingfoil ou windsurf. Quando se pratica kitesurf, wingfoil<\/p>\n\t\t<\/div>\n\t\t\t\t\t<div class=\"elementor-post__read-more-wrapper\">\n\t\t\n\t\t<a class=\"elementor-post__read-more\" href=\"https:\/\/kitespotapp.com\/pt-pt\/kitespot-charter\/\" aria-label=\"Read more about Kitespot charter\" tabindex=\"-1\" >\n\t\t\tLeia mais \u00bb\t\t<\/a>\n\n\t\t\t\t\t<\/div>\n\t\t\t\t<\/div>\n\t\t\t\t<div class=\"elementor-post__meta-data\">\n\t\t\t\t\t<span class=\"elementor-post-date\">\n\t\t\t8 de Novembro, 2024\t\t<\/span>\n\t\t\t\t<span class=\"elementor-post-avatar\">\n\t\t\tSem coment\u00e1rios\t\t<\/span>\n\t\t\t\t<\/div>\n\t\t\t\t\t<\/div>\n\t\t<\/article>\n\t\t\t\t<article class=\"elementor-post elementor-grid-item post-23564 post type-post status-publish format-standard has-post-thumbnail hentry category-blog-pt-pt tag-kite-spot-pt-pt tag-kiteboard-pt-pt tag-kiteboarding-pt-pt tag-kitespot-pt-pt tag-kitesurf-pt-pt tag-kitesurfing-pt-pt tag-snowkite-pt-pt tag-snowkiting-pt-pt tag-windsurf-pt-pt tag-windsurfing-pt-pt tag-wing-foil-pt-pt tag-wing-foiling-pt-pt tag-wingfoil-pt-pt tag-wingfoiling-pt-pt\" role=\"listitem\">\n\t\t\t<div class=\"elementor-post__card\">\n\t\t\t\t<a class=\"elementor-post__thumbnail__link\" href=\"https:\/\/kitespotapp.com\/pt-pt\/kitesurfing-disciplines\/\" tabindex=\"-1\" ><div class=\"elementor-post__thumbnail\"><img decoding=\"async\" width=\"300\" height=\"169\" src=\"https:\/\/kitespotapp.com\/wp-content\/uploads\/2023\/07\/Screenshot-2023-07-21-160217-300x169.png\" class=\"attachment-medium size-medium wp-image-23092\" alt=\"\" srcset=\"https:\/\/kitespotapp.com\/wp-content\/uploads\/2023\/07\/Screenshot-2023-07-21-160217-300x169.png 300w, https:\/\/kitespotapp.com\/wp-content\/uploads\/2023\/07\/Screenshot-2023-07-21-160217-1024x576.png 1024w, https:\/\/kitespotapp.com\/wp-content\/uploads\/2023\/07\/Screenshot-2023-07-21-160217-768x432.png 768w, https:\/\/kitespotapp.com\/wp-content\/uploads\/2023\/07\/Screenshot-2023-07-21-160217-1536x864.png 1536w, https:\/\/kitespotapp.com\/wp-content\/uploads\/2023\/07\/Screenshot-2023-07-21-160217-2048x1152.png 2048w\" sizes=\"(max-width: 300px) 100vw, 300px\" \/><\/div><\/a>\n\t\t\t\t<div class=\"elementor-post__text\">\n\t\t\t\t<h3 class=\"elementor-post__title\">\n\t\t\t<a href=\"https:\/\/kitespotapp.com\/pt-pt\/kitesurfing-disciplines\/\" >\n\t\t\t\tDisciplinas de Kitesurf\t\t\t<\/a>\n\t\t<\/h3>\n\t\t\t\t<div class=\"elementor-post__excerpt\">\n\t\t\t<p>Disciplinas de Kitesurf N\u00e3o se trata apenas de surfar as ondas; trata-se de dominar uma variedade de disciplinas que fazem<\/p>\n\t\t<\/div>\n\t\t\t\t\t<div class=\"elementor-post__read-more-wrapper\">\n\t\t\n\t\t<a class=\"elementor-post__read-more\" href=\"https:\/\/kitespotapp.com\/pt-pt\/kitesurfing-disciplines\/\" aria-label=\"Read more about Disciplinas de Kitesurf\" tabindex=\"-1\" >\n\t\t\tLeia mais \u00bb\t\t<\/a>\n\n\t\t\t\t\t<\/div>\n\t\t\t\t<\/div>\n\t\t\t\t<div class=\"elementor-post__meta-data\">\n\t\t\t\t\t<span class=\"elementor-post-date\">\n\t\t\t8 de Fevereiro, 2024\t\t<\/span>\n\t\t\t\t<span class=\"elementor-post-avatar\">\n\t\t\tSem coment\u00e1rios\t\t<\/span>\n\t\t\t\t<\/div>\n\t\t\t\t\t<\/div>\n\t\t<\/article>\n\t\t\t\t<article class=\"elementor-post elementor-grid-item post-23572 post type-post status-publish format-standard has-post-thumbnail hentry category-blog-pt-pt tag-kite-spot-pt-pt tag-kiteboard-pt-pt tag-kiteboarding-pt-pt tag-kitespot-pt-pt tag-kitesurf-pt-pt tag-kitesurfing-pt-pt tag-snowkite-pt-pt tag-snowkiting-pt-pt tag-windsurf-pt-pt tag-windsurfing-pt-pt tag-wing-foil-pt-pt tag-wing-foiling-pt-pt tag-wingfoil-pt-pt tag-wingfoiling-pt-pt\" role=\"listitem\">\n\t\t\t<div class=\"elementor-post__card\">\n\t\t\t\t<a class=\"elementor-post__thumbnail__link\" href=\"https:\/\/kitespotapp.com\/pt-pt\/hidden-hazard\/\" tabindex=\"-1\" ><div class=\"elementor-post__thumbnail\"><img loading=\"lazy\" decoding=\"async\" width=\"300\" height=\"173\" src=\"https:\/\/kitespotapp.com\/wp-content\/uploads\/2023\/08\/hidden-HAZARD-300x173.webp\" class=\"attachment-medium size-medium wp-image-23420\" alt=\"\" srcset=\"https:\/\/kitespotapp.com\/wp-content\/uploads\/2023\/08\/hidden-HAZARD-300x173.webp 300w, https:\/\/kitespotapp.com\/wp-content\/uploads\/2023\/08\/hidden-HAZARD-1024x591.webp 1024w, https:\/\/kitespotapp.com\/wp-content\/uploads\/2023\/08\/hidden-HAZARD-768x443.webp 768w, https:\/\/kitespotapp.com\/wp-content\/uploads\/2023\/08\/hidden-HAZARD-1536x887.webp 1536w, https:\/\/kitespotapp.com\/wp-content\/uploads\/2023\/08\/hidden-HAZARD-2048x1182.webp 2048w\" sizes=\"(max-width: 300px) 100vw, 300px\" \/><\/div><\/a>\n\t\t\t\t<div class=\"elementor-post__text\">\n\t\t\t\t<h3 class=\"elementor-post__title\">\n\t\t\t<a href=\"https:\/\/kitespotapp.com\/pt-pt\/hidden-hazard\/\" >\n\t\t\t\tO PERIGO oculto\t\t\t<\/a>\n\t\t<\/h3>\n\t\t\t\t<div class=\"elementor-post__excerpt\">\n\t\t\t<p>O PERIGO escondido : B\u00f3ias e SEGURAN\u00c7A no Kitesurf O kitesurf, um desporto de entusiasmo e de per\u00edcia, tem a<\/p>\n\t\t<\/div>\n\t\t\t\t\t<div class=\"elementor-post__read-more-wrapper\">\n\t\t\n\t\t<a class=\"elementor-post__read-more\" href=\"https:\/\/kitespotapp.com\/pt-pt\/hidden-hazard\/\" aria-label=\"Read more about O PERIGO oculto\" tabindex=\"-1\" >\n\t\t\tLeia mais \u00bb\t\t<\/a>\n\n\t\t\t\t\t<\/div>\n\t\t\t\t<\/div>\n\t\t\t\t<div class=\"elementor-post__meta-data\">\n\t\t\t\t\t<span class=\"elementor-post-date\">\n\t\t\t7 de Fevereiro, 2024\t\t<\/span>\n\t\t\t\t<span class=\"elementor-post-avatar\">\n\t\t\tSem coment\u00e1rios\t\t<\/span>\n\t\t\t\t<\/div>\n\t\t\t\t\t<\/div>\n\t\t<\/article>\n\t\t\t\t<article class=\"elementor-post elementor-grid-item post-23588 post type-post status-publish format-standard has-post-thumbnail hentry category-blog-pt-pt tag-kite-spot-pt-pt tag-kiteboard-pt-pt tag-kiteboarding-pt-pt tag-kitespot-pt-pt tag-kitesurf-pt-pt tag-kitesurfing-pt-pt tag-snowkite-pt-pt tag-snowkiting-pt-pt tag-windsurf-pt-pt tag-windsurfing-pt-pt tag-wing-foil-pt-pt tag-wing-foiling-pt-pt tag-wingfoil-pt-pt tag-wingfoiling-pt-pt\" role=\"listitem\">\n\t\t\t<div class=\"elementor-post__card\">\n\t\t\t\t<a class=\"elementor-post__thumbnail__link\" href=\"https:\/\/kitespotapp.com\/pt-pt\/kitespot-blog-1\/\" tabindex=\"-1\" ><div class=\"elementor-post__thumbnail\"><img loading=\"lazy\" decoding=\"async\" width=\"300\" height=\"169\" src=\"https:\/\/kitespotapp.com\/wp-content\/uploads\/2023\/07\/kitespot-wallpaper-1-300x169.webp\" class=\"attachment-medium size-medium wp-image-23036\" alt=\"\" srcset=\"https:\/\/kitespotapp.com\/wp-content\/uploads\/2023\/07\/kitespot-wallpaper-1-300x169.webp 300w, https:\/\/kitespotapp.com\/wp-content\/uploads\/2023\/07\/kitespot-wallpaper-1-1024x576.webp 1024w, https:\/\/kitespotapp.com\/wp-content\/uploads\/2023\/07\/kitespot-wallpaper-1-768x432.webp 768w, https:\/\/kitespotapp.com\/wp-content\/uploads\/2023\/07\/kitespot-wallpaper-1-1536x864.webp 1536w, https:\/\/kitespotapp.com\/wp-content\/uploads\/2023\/07\/kitespot-wallpaper-1-2048x1152.webp 2048w\" sizes=\"(max-width: 300px) 100vw, 300px\" \/><\/div><\/a>\n\t\t\t\t<div class=\"elementor-post__text\">\n\t\t\t\t<h3 class=\"elementor-post__title\">\n\t\t\t<a href=\"https:\/\/kitespotapp.com\/pt-pt\/kitespot-blog-1\/\" >\n\t\t\t\tComo procurar o s\u00edtio certo\t\t\t<\/a>\n\t\t<\/h3>\n\t\t\t\t<div class=\"elementor-post__excerpt\">\n\t\t\t<p>Como procurar o s\u00edtio certo &#8220;Um guia essencial para encontrares os locais perfeitos para a pr\u00e1tica de Kiteboarding, Windsurfing e<\/p>\n\t\t<\/div>\n\t\t\t\t\t<div class=\"elementor-post__read-more-wrapper\">\n\t\t\n\t\t<a class=\"elementor-post__read-more\" href=\"https:\/\/kitespotapp.com\/pt-pt\/kitespot-blog-1\/\" aria-label=\"Read more about Como procurar o s\u00edtio certo\" tabindex=\"-1\" >\n\t\t\tLeia mais \u00bb\t\t<\/a>\n\n\t\t\t\t\t<\/div>\n\t\t\t\t<\/div>\n\t\t\t\t<div class=\"elementor-post__meta-data\">\n\t\t\t\t\t<span class=\"elementor-post-date\">\n\t\t\t26 de Julho, 2023\t\t<\/span>\n\t\t\t\t<span class=\"elementor-post-avatar\">\n\t\t\tSem coment\u00e1rios\t\t<\/span>\n\t\t\t\t<\/div>\n\t\t\t\t\t<\/div>\n\t\t<\/article>\n\t\t\t\t<\/div>\n\t\t\n\t\t\t\t\t\t<\/div>\n\t\t\t\t<\/div>\n\t\t\t\t\t<\/div>\n\t\t\t\t<\/div>\n\t\t\t\t<\/div>\n\t\t","protected":false},"excerpt":{"rendered":"","protected":false},"author":1,"featured_media":0,"parent":0,"menu_order":0,"comment_status":"closed","ping_status":"closed","template":"","meta":{"footnotes":""},"class_list":["post-23508","page","type-page","status-publish","hentry"],"_links":{"self":[{"href":"https:\/\/kitespotapp.com\/pt-pt\/wp-json\/wp\/v2\/pages\/23508","targetHints":{"allow":["GET"]}}],"collection":[{"href":"https:\/\/kitespotapp.com\/pt-pt\/wp-json\/wp\/v2\/pages"}],"about":[{"href":"https:\/\/kitespotapp.com\/pt-pt\/wp-json\/wp\/v2\/types\/page"}],"author":[{"embeddable":true,"href":"https:\/\/kitespotapp.com\/pt-pt\/wp-json\/wp\/v2\/users\/1"}],"replies":[{"embeddable":true,"href":"https:\/\/kitespotapp.com\/pt-pt\/wp-json\/wp\/v2\/comments?post=23508"}],"version-history":[{"count":12,"href":"https:\/\/kitespotapp.com\/pt-pt\/wp-json\/wp\/v2\/pages\/23508\/revisions"}],"predecessor-version":[{"id":31726,"href":"https:\/\/kitespotapp.com\/pt-pt\/wp-json\/wp\/v2\/pages\/23508\/revisions\/31726"}],"wp:attachment":[{"href":"https:\/\/kitespotapp.com\/pt-pt\/wp-json\/wp\/v2\/media?parent=23508"}],"curies":[{"name":"wp","href":"https:\/\/api.w.org\/{rel}","templated":true}]}}