{"id":23484,"date":"2023-12-12T08:52:53","date_gmt":"2023-12-12T08:52:53","guid":{"rendered":"https:\/\/kitespotapp.com\/privacy-policy\/"},"modified":"2025-02-15T11:05:26","modified_gmt":"2025-02-15T11:05:26","slug":"privacy-policy","status":"publish","type":"page","link":"https:\/\/kitespotapp.com\/pt-pt\/privacy-policy\/","title":{"rendered":"Pol\u00edtica de privacidade"},"content":{"rendered":"\t\t<div data-elementor-type=\"wp-page\" data-elementor-id=\"23484\" class=\"elementor elementor-23484 elementor-21558\" data-elementor-post-type=\"page\">\n\t\t\t\t<div class=\"elementor-element elementor-element-8ebdbd7 e-con-full e-flex e-con e-parent\" data-id=\"8ebdbd7\" data-element_type=\"container\" data-e-type=\"container\" data-settings=\"{&quot;background_background&quot;:&quot;classic&quot;}\">\n\t\t\t\t<div class=\"elementor-element elementor-element-8861d5b elementor-widget-tablet__width-inherit elementor-widget-tablet_extra__width-initial elementor-widget elementor-widget-text-editor\" data-id=\"8861d5b\" data-element_type=\"widget\" data-e-type=\"widget\" data-widget_type=\"text-editor.default\">\n\t\t\t\t<div class=\"elementor-widget-container\">\n\t\t\t\t\t\t\t\t\t<div class=\"header\">\n<div class=\"container\">\n<h1 class=\"title\"><strong>POL\u00cdTICA DE PRIVACIDADE<\/strong><\/h1>\n<\/div>\n<\/div>\n<div class=\"translations-content-container\">\n<div class=\"container\">\n<div id=\"en\" class=\"tab-content translations-content-item en visible\">\n<p>Esta Pol\u00edtica de Privacidade descreve as nossas pol\u00edticas e procedimentos sobre a recolha, utiliza\u00e7\u00e3o e divulga\u00e7\u00e3o das tuas informa\u00e7\u00f5es quando utilizas o Servi\u00e7o e informa-te sobre os teus direitos de privacidade e a forma como a lei te protege.<\/p>\n<p>Utilizamos os teus dados pessoais para fornecer e melhorar o Servi\u00e7o.<br \/>\nAo utilizares o Servi\u00e7o, concordas com a recolha e utiliza\u00e7\u00e3o de informa\u00e7\u00f5es de acordo com esta Pol\u00edtica de Privacidade.   <\/p>\n<h3>Interpreta\u00e7\u00e3o e defini\u00e7\u00f5es<\/h3>\n<h4>Interpreta\u00e7\u00e3o<\/h4>\n<p>As palavras cuja letra inicial \u00e9 mai\u00fascula t\u00eam significados definidos nas seguintes condi\u00e7\u00f5es.<br \/>\nAs defini\u00e7\u00f5es seguintes t\u00eam o mesmo significado, independentemente do facto de aparecerem no singular ou no plural. <\/p>\n<h4>Defini\u00e7\u00f5es<\/h4>\n<p>Para efeitos da presente Pol\u00edtica de Privacidade:<\/p>\n<ul>\n<li>\n<p><strong>Conta<\/strong> significa uma conta \u00fanica criada para o Utilizador aceder ao nosso Servi\u00e7o ou a partes do nosso Servi\u00e7o.<\/p>\n<\/li>\n<li>\n<p><strong>Afiliada<\/strong> significa uma entidade que controla, \u00e9 controlada por ou est\u00e1 sob controlo comum de uma parte, em que &#8220;controlo&#8221; significa a propriedade de 50% ou mais das ac\u00e7\u00f5es, participa\u00e7\u00f5es ou outros t\u00edtulos com direito a voto para a elei\u00e7\u00e3o de administradores ou outra autoridade de gest\u00e3o.<\/p>\n<\/li>\n<li>\n<p><strong>A aplica\u00e7\u00e3o<\/strong> refere-se ao &#8220;KiteSpot &#8211; encontra o teu spot&#8221;, o programa de software fornecido pela Empresa.<\/p>\n<\/li>\n<li>\n<p><strong>Empresa<\/strong> (referida como &#8220;a Empresa&#8221;, &#8220;N\u00f3s&#8221;, &#8220;Nos&#8221; ou &#8220;Nosso&#8221; no presente Acordo) refere-se \u00e0 CMC Development GmbH, 81927 Munique.<\/p>\n<\/li>\n<li>\n<p><strong>Os cookies<\/strong> s\u00e3o pequenos ficheiros que s\u00e3o colocados no teu computador, dispositivo m\u00f3vel ou qualquer outro dispositivo por um s\u00edtio Web, contendo os detalhes do teu hist\u00f3rico de navega\u00e7\u00e3o nesse s\u00edtio Web, entre as suas muitas utiliza\u00e7\u00f5es.<\/p>\n<\/li>\n<li>\n<p><strong>O pa\u00eds<\/strong> refere-se a: Bayern, Alemanha<\/p>\n<\/li>\n<li>\n<p><strong>Dispositivo<\/strong> significa qualquer dispositivo que possa aceder ao Servi\u00e7o, como um computador, um telem\u00f3vel ou um tablet digital.<\/p>\n<\/li>\n<li>\n<p><strong>Os dados pessoais<\/strong> s\u00e3o qualquer informa\u00e7\u00e3o relativa a um indiv\u00edduo identificado ou identific\u00e1vel.<\/p>\n<\/li>\n<li>\n<p><strong>Servi\u00e7o<\/strong> refere-se \u00e0 Aplica\u00e7\u00e3o ou ao Website ou a ambos.<\/p>\n<\/li>\n<li>\n<p><strong>Fornecedor de Servi\u00e7os<\/strong> significa qualquer pessoa singular ou colectiva que processe os dados em nome da Empresa.<br \/>\nRefere-se a empresas terceiras ou indiv\u00edduos contratados pela Empresa para facilitar o Servi\u00e7o, para fornecer o Servi\u00e7o em nome da Empresa, para realizar servi\u00e7os relacionados com o Servi\u00e7o ou para ajudar a Empresa a analisar a forma como o Servi\u00e7o \u00e9 utilizado. <\/p>\n<\/li>\n<li>\n<p><strong>O Servi\u00e7o de redes sociais de terceiros<\/strong> refere-se a qualquer site ou site de rede social atrav\u00e9s do qual um Utilizador pode iniciar sess\u00e3o ou criar uma conta para utilizar o Servi\u00e7o.<\/p>\n<\/li>\n<li>\n<p><strong>Os Dados de Utiliza\u00e7\u00e3o<\/strong> referem-se a dados recolhidos automaticamente, quer gerados pela utiliza\u00e7\u00e3o do Servi\u00e7o quer pela pr\u00f3pria infraestrutura do Servi\u00e7o (por exemplo, a dura\u00e7\u00e3o de uma visita \u00e0 p\u00e1gina).<\/p>\n<\/li>\n<li>\n<p><strong>O s\u00edtio Web<\/strong> refere-se \u00e0 KiteSpotApp, acess\u00edvel a partir de <a href=\"https:\/\/kitespotapp.com\/pt-pt\/\" target=\"_blank\" rel=\"external nofollow noopener\">https:\/\/kitespotapp.com<\/a><\/p>\n<\/li>\n<li>\n<p><strong>Tu<\/strong> significa o indiv\u00edduo que acede ou utiliza o Servi\u00e7o, ou a empresa, ou outra entidade legal em nome da qual esse indiv\u00edduo est\u00e1 a aceder ou a utilizar o Servi\u00e7o, conforme aplic\u00e1vel.<\/p>\n<\/li>\n<\/ul>\n<h3>Recolha e utiliza\u00e7\u00e3o dos teus dados pessoais<\/h3>\n<h4>Tipos de dados recolhidos<\/h4>\n<h5>Dados pessoais<\/h5>\n<p>Ao utilizar o nosso Servi\u00e7o, podemos pedir-te que nos forne\u00e7as determinadas informa\u00e7\u00f5es de identifica\u00e7\u00e3o pessoal que podem ser utilizadas para te contactar ou identificar.<br \/>\nAs informa\u00e7\u00f5es de identifica\u00e7\u00e3o pessoal podem incluir, mas n\u00e3o se limitam a: <\/p>\n<ul>\n<li>\n<p>Endere\u00e7o de correio eletr\u00f3nico<\/p>\n<\/li>\n<li>\n<p>Nome pr\u00f3prio e apelido<\/p>\n<\/li>\n<li>\n<p>Dados de utiliza\u00e7\u00e3o<\/p>\n<\/li>\n<\/ul>\n<h5>Dados de utiliza\u00e7\u00e3o<\/h5>\n<p>Os Dados de Utiliza\u00e7\u00e3o s\u00e3o recolhidos automaticamente quando utilizas o Servi\u00e7o.<\/p>\n<p>Os Dados de Utiliza\u00e7\u00e3o podem incluir informa\u00e7\u00f5es como o endere\u00e7o de Protocolo de Internet do teu Dispositivo (por exemplo, endere\u00e7o IP), tipo de browser, vers\u00e3o do browser, as p\u00e1ginas do nosso Servi\u00e7o que visitaste, a hora e a data da tua visita, o tempo passado nessas p\u00e1ginas, identificadores \u00fanicos de dispositivos e outros dados de diagn\u00f3stico.<\/p>\n<p>Quando acedes ao Servi\u00e7o por ou atrav\u00e9s de um dispositivo m\u00f3vel, podemos recolher determinadas informa\u00e7\u00f5es automaticamente, incluindo, entre outras, o tipo de dispositivo m\u00f3vel que utilizas, a ID exclusiva do teu dispositivo m\u00f3vel, o endere\u00e7o IP do teu dispositivo m\u00f3vel, o sistema operativo do teu dispositivo m\u00f3vel, o tipo de browser de Internet m\u00f3vel que utilizas, identificadores exclusivos de dispositivos e outros dados de diagn\u00f3stico.<\/p>\n<p>Tamb\u00e9m podemos recolher informa\u00e7\u00f5es que o teu browser envia sempre que visitas o nosso Servi\u00e7o ou quando acedes ao Servi\u00e7o por ou atrav\u00e9s de um dispositivo m\u00f3vel.<\/p>\n<h5>Informa\u00e7\u00f5es de servi\u00e7os de redes sociais de terceiros<\/h5>\n<p>A Empresa permite-te criar uma conta e iniciar sess\u00e3o para utilizar o Servi\u00e7o atrav\u00e9s dos seguintes Servi\u00e7os de Redes Sociais de Terceiros:<\/p>\n<ul>\n<li>Google<\/li>\n<li>Facebook<\/li>\n<li>Instagram<\/li>\n<li>Twitter<\/li>\n<li>LinkedIn<\/li>\n<\/ul>\n<p>Se decidires registar-te ou conceder-nos acesso a um Servi\u00e7o de Redes Sociais de Terceiros, poderemos recolher dados pessoais que j\u00e1 estejam associados \u00e0 conta do teu Servi\u00e7o de Redes Sociais de Terceiros, como o teu nome, o teu endere\u00e7o de e-mail, as tuas actividades ou a tua lista de contactos associada a essa conta.<\/p>\n<p>Tamb\u00e9m podes ter a op\u00e7\u00e3o de partilhar informa\u00e7\u00f5es adicionais com a Empresa atrav\u00e9s da conta do teu Servi\u00e7o de Redes Sociais de Terceiros.<br \/>\nSe optares por fornecer essas informa\u00e7\u00f5es e Dados Pessoais, durante o registo ou de outra forma, est\u00e1s a dar permiss\u00e3o \u00e0 Empresa para os utilizar, partilhar e armazenar de uma forma consistente com esta Pol\u00edtica de Privacidade. <\/p>\n<h5>Informa\u00e7\u00f5es recolhidas durante a utiliza\u00e7\u00e3o da aplica\u00e7\u00e3o<\/h5>\n<p>Ao utilizar a nossa aplica\u00e7\u00e3o, para fornecer funcionalidades da nossa aplica\u00e7\u00e3o, podemos recolher, com a tua autoriza\u00e7\u00e3o pr\u00e9via:<\/p>\n<ul>\n<li>\n<p>Informa\u00e7\u00f5es sobre a tua localiza\u00e7\u00e3o<\/p>\n<\/li>\n<li>\n<p>Imagens e outras informa\u00e7\u00f5es da c\u00e2mara e da biblioteca de fotografias do teu Dispositivo<\/p>\n<\/li>\n<\/ul>\n<p>Utilizamos esta informa\u00e7\u00e3o para fornecer funcionalidades do Nosso Servi\u00e7o, para melhorar e personalizar o Nosso Servi\u00e7o.<br \/>\nA informa\u00e7\u00e3o pode ser carregada para os servidores da Empresa e\/ou para o servidor de um Fornecedor de Servi\u00e7os ou pode ser simplesmente armazenada no Teu dispositivo. <\/p>\n<p>Podes ativar ou desativar o acesso a estas informa\u00e7\u00f5es em qualquer altura, atrav\u00e9s das defini\u00e7\u00f5es do teu Dispositivo.<\/p>\n<h5>Tecnologias de rastreio e cookies<\/h5>\n<p>Utilizamos cookies e tecnologias de rastreio semelhantes para rastrear a atividade no nosso Servi\u00e7o e armazenar determinadas informa\u00e7\u00f5es.<br \/>\nAs tecnologias de rastreio utilizadas s\u00e3o beacons, tags e scripts para recolher e rastrear informa\u00e7\u00f5es e para melhorar e analisar o Nosso Servi\u00e7o.<br \/>\nAs tecnologias que utilizamos podem incluir:  <\/p>\n<ul>\n<li><strong>Cookies ou Cookies de Browser.<\/strong>  Um cookie \u00e9 um pequeno ficheiro colocado no teu dispositivo.<br \/>\nPodes dar instru\u00e7\u00f5es ao teu browser para recusar todos os Cookies ou para indicar quando um Cookie est\u00e1 a ser enviado.<br \/>\nNo entanto, se n\u00e3o aceitares os Cookies, poder\u00e1s n\u00e3o conseguir utilizar algumas partes do nosso Servi\u00e7o.<br \/>\nA menos que tenhas ajustado as defini\u00e7\u00f5es do teu browser para recusar Cookies, o nosso Servi\u00e7o pode utilizar Cookies.   <\/li>\n<li><strong>Web Beacons.<\/strong>  Certas sec\u00e7\u00f5es do nosso Servi\u00e7o e os nossos e-mails podem conter pequenos ficheiros electr\u00f3nicos conhecidos como web beacons (tamb\u00e9m referidos como clear gifs, pixel tags e single-pixel gifs) que permitem \u00e0 Empresa, por exemplo, contar os utilizadores que visitaram essas p\u00e1ginas ou abriram um e-mail e para outras estat\u00edsticas relacionadas com o site (por exemplo, registar a popularidade de uma determinada sec\u00e7\u00e3o e verificar a integridade do sistema e do servidor).<\/li>\n<\/ul>\n<p>Os cookies podem ser cookies &#8220;persistentes&#8221; ou de &#8220;sess\u00e3o&#8221;.<br \/>\nOs cookies persistentes permanecem no teu computador pessoal ou dispositivo m\u00f3vel quando ficas offline, enquanto os cookies de sess\u00e3o s\u00e3o eliminados assim que fechas o teu browser.<br \/>\nPodes saber mais sobre cookies no artigo <a href=\"https:\/\/www.termsfeed.com\/blog\/cookies\/#What_Are_Cookies\" target=\"_blank\" rel=\"noopener\">do website TermsFeed<\/a>.  <\/p>\n<p>Utilizamos cookies de sess\u00e3o e persistentes para os fins abaixo indicados:<\/p>\n<ul>\n<li>\n<p><strong>Cookies necess\u00e1rios \/ essenciais<\/strong><\/p>\n<p>Tipo: Cookies de sess\u00e3o<\/p>\n<p>Administrado por: N\u00f3s<\/p>\n<p>Objetivo: Estes cookies s\u00e3o essenciais para te fornecer os servi\u00e7os dispon\u00edveis atrav\u00e9s do Web site e para te permitir utilizar algumas das suas funcionalidades.<br \/>\nAjudam a autenticar os utilizadores e a evitar a utiliza\u00e7\u00e3o fraudulenta das contas de utilizador.<br \/>\nSem estes Cookies, os servi\u00e7os que solicitaste n\u00e3o podem ser fornecidos e n\u00f3s s\u00f3 utilizamos estes Cookies para te fornecer esses servi\u00e7os.  <\/p>\n<\/li>\n<li>\n<p><strong>Pol\u00edtica de Cookies \/ Aviso Aceita\u00e7\u00e3o de Cookies<\/strong><\/p>\n<p>Tipo: Cookies persistentes<\/p>\n<p>Administrado por: N\u00f3s<\/p>\n<p>Objetivo: Estes cookies identificam se os utilizadores aceitaram a utiliza\u00e7\u00e3o de cookies no s\u00edtio Web.<\/p>\n<\/li>\n<li>\n<p><strong>Cookies de funcionalidade<\/strong><\/p>\n<p>Tipo: Cookies persistentes<\/p>\n<p>Administrado por: N\u00f3s<\/p>\n<p>Objetivo: Estes Cookies permitem-nos recordar as escolhas que fazes quando utilizas o Website, como por exemplo, recordar os teus dados de in\u00edcio de sess\u00e3o ou a tua prefer\u00eancia de idioma.<br \/>\nO objetivo destes Cookies \u00e9 proporcionar-te uma experi\u00eancia mais pessoal e evitar que tenhas de voltar a introduzir as tuas prefer\u00eancias sempre que utilizares o Website. <\/p>\n<\/li>\n<\/ul>\n<p>Para mais informa\u00e7\u00f5es sobre os cookies que utilizamos e as tuas escolhas relativamente aos cookies, visita a nossa Pol\u00edtica de Cookies ou a sec\u00e7\u00e3o Cookies da nossa Pol\u00edtica de Privacidade.<\/p>\n<h4>Utiliza\u00e7\u00e3o dos teus dados pessoais<\/h4>\n<p>A Empresa pode utilizar os Dados Pessoais para as seguintes finalidades:<\/p>\n<ul>\n<li>\n<p><strong>Para fornecer e manter o nosso Servi\u00e7o<\/strong>, incluindo para monitorizar a utiliza\u00e7\u00e3o do nosso Servi\u00e7o.<\/p>\n<\/li>\n<li>\n<p><strong>Para gerir a tua Conta:<\/strong> para gerir o teu registo como utilizador do Servi\u00e7o.<br \/>\nOs Dados Pessoais que forneces podem dar-te acesso a diferentes funcionalidades do Servi\u00e7o que est\u00e3o dispon\u00edveis para ti enquanto utilizador registado. <\/p>\n<\/li>\n<li>\n<p><strong>Para a execu\u00e7\u00e3o de um contrato:<\/strong> o desenvolvimento, o cumprimento e a execu\u00e7\u00e3o do contrato de compra dos produtos, artigos ou servi\u00e7os que adquiriste ou de qualquer outro contrato celebrado connosco atrav\u00e9s do Servi\u00e7o.<\/p>\n<\/li>\n<li>\n<p><strong>Para te contactar:<\/strong> Para te contactar por e-mail, chamadas telef\u00f3nicas, SMS, ou outras formas equivalentes de comunica\u00e7\u00e3o eletr\u00f3nica, como notifica\u00e7\u00f5es push de uma aplica\u00e7\u00e3o m\u00f3vel sobre actualiza\u00e7\u00f5es ou comunica\u00e7\u00f5es informativas relacionadas com as funcionalidades, produtos ou servi\u00e7os contratados, incluindo as actualiza\u00e7\u00f5es de seguran\u00e7a, quando necess\u00e1rio ou razo\u00e1vel para a sua implementa\u00e7\u00e3o.<\/p>\n<\/li>\n<li>\n<p><strong>Para te fornecer<\/strong> not\u00edcias, ofertas especiais e informa\u00e7\u00f5es gerais sobre outros bens, servi\u00e7os e eventos que oferecemos e que s\u00e3o semelhantes aos que j\u00e1 compraste ou consultaste, a menos que tenhas optado por n\u00e3o receber essas informa\u00e7\u00f5es.<\/p>\n<\/li>\n<li>\n<p><strong>Gerir os teus pedidos:<\/strong> Para atender e gerir os pedidos que nos fazes.<\/p>\n<\/li>\n<li>\n<p><strong>Para transfer\u00eancias comerciais:<\/strong> Podemos utilizar as tuas informa\u00e7\u00f5es para avaliar ou realizar uma fus\u00e3o, aliena\u00e7\u00e3o, reestrutura\u00e7\u00e3o, reorganiza\u00e7\u00e3o, dissolu\u00e7\u00e3o ou outra venda ou transfer\u00eancia de alguns ou de todos os nossos activos, quer como uma empresa em funcionamento, quer como parte de uma fal\u00eancia, liquida\u00e7\u00e3o ou processo semelhante, em que os Dados Pessoais detidos por n\u00f3s sobre os utilizadores do nosso Servi\u00e7o estejam entre os activos transferidos.<\/p>\n<\/li>\n<li>\n<p><strong>Para outros fins<\/strong>: Podemos utilizar as tuas informa\u00e7\u00f5es para outros fins, tais como an\u00e1lise de dados, identifica\u00e7\u00e3o de tend\u00eancias de utiliza\u00e7\u00e3o, determina\u00e7\u00e3o da efic\u00e1cia das nossas campanhas promocionais e para avaliar e melhorar o nosso Servi\u00e7o, produtos, servi\u00e7os, marketing e a tua experi\u00eancia.<\/p>\n<\/li>\n<\/ul>\n<p>Podemos partilhar as tuas informa\u00e7\u00f5es pessoais nas seguintes situa\u00e7\u00f5es:<\/p>\n<ul>\n<li><strong>Com prestadores de servi\u00e7os:<\/strong> Podemos partilhar as tuas informa\u00e7\u00f5es pessoais com os Fornecedores de Servi\u00e7os para monitorizar e analisar a utiliza\u00e7\u00e3o do nosso Servi\u00e7o, para te contactar.<\/li>\n<li><strong>Para transfer\u00eancias comerciais:<\/strong> Podemos partilhar ou transferir as tuas informa\u00e7\u00f5es pessoais em liga\u00e7\u00e3o com, ou durante as negocia\u00e7\u00f5es de, qualquer fus\u00e3o, venda de activos da Empresa, financiamento ou aquisi\u00e7\u00e3o da totalidade ou de uma parte do nosso neg\u00f3cio a outra empresa.<\/li>\n<li><strong>Com afiliados:<\/strong> Podemos partilhar as tuas informa\u00e7\u00f5es com as nossas filiais, caso em que exigiremos que essas filiais respeitem esta Pol\u00edtica de Privacidade.<br \/>\nAs afiliadas incluem a nossa empresa-m\u00e3e e quaisquer outras subsidi\u00e1rias, parceiros de joint-venture ou outras empresas que controlamos ou que est\u00e3o sob controlo comum connosco. <\/li>\n<li><strong>Com parceiros comerciais:<\/strong> Podemos partilhar as tuas informa\u00e7\u00f5es com os nossos parceiros comerciais para te oferecer determinados produtos, servi\u00e7os ou promo\u00e7\u00f5es.<\/li>\n<li><strong>Com outros utilizadores:<\/strong> quando partilhas informa\u00e7\u00f5es pessoais ou interages de outra forma nas \u00e1reas p\u00fablicas com outros utilizadores, essas informa\u00e7\u00f5es podem ser vistas por todos os utilizadores e podem ser distribu\u00eddas publicamente no exterior.<br \/>\nSe interagires com outros utilizadores ou te registares atrav\u00e9s de um Servi\u00e7o de Redes Sociais de Terceiros, os teus contactos no Servi\u00e7o de Redes Sociais de Terceiros poder\u00e3o ver o teu nome, perfil, fotografias e descri\u00e7\u00e3o da tua atividade.<br \/>\nDa mesma forma, outros utilizadores poder\u00e3o ver descri\u00e7\u00f5es da tua atividade, comunicar contigo e ver o teu perfil.  <\/li>\n<li><strong>Com o teu consentimento<\/strong>: Podemos divulgar as tuas informa\u00e7\u00f5es pessoais para qualquer outro fim com o teu consentimento.<\/li>\n<\/ul>\n<h4>Conserva\u00e7\u00e3o dos teus dados pessoais<\/h4>\n<p>A Empresa conservar\u00e1 os teus Dados Pessoais apenas durante o tempo necess\u00e1rio para os fins definidos na presente Pol\u00edtica de Privacidade.<br \/>\nIremos reter e utilizar os teus Dados Pessoais na medida do necess\u00e1rio para cumprir as nossas obriga\u00e7\u00f5es legais (por exemplo, se formos obrigados a reter os teus dados para cumprir a legisla\u00e7\u00e3o aplic\u00e1vel), resolver lit\u00edgios e fazer cumprir os nossos acordos e pol\u00edticas legais. <\/p>\n<p>A Empresa tamb\u00e9m reter\u00e1 os Dados de Utiliza\u00e7\u00e3o para fins de an\u00e1lise interna.<br \/>\nOs Dados de Utiliza\u00e7\u00e3o s\u00e3o geralmente retidos por um per\u00edodo de tempo mais curto, exceto quando estes dados s\u00e3o utilizados para refor\u00e7ar a seguran\u00e7a ou para melhorar a funcionalidade do Nosso Servi\u00e7o, ou quando somos legalmente obrigados a reter estes dados por per\u00edodos de tempo mais longos. <\/p>\n<h4>Transfer\u00eancia dos teus dados pessoais<\/h4>\n<p>A tua informa\u00e7\u00e3o, incluindo os Dados Pessoais, \u00e9 processada nos escrit\u00f3rios operacionais da Empresa e em quaisquer outros locais onde as partes envolvidas no processamento estejam localizadas.<br \/>\nIsto significa que esta informa\u00e7\u00e3o pode ser transferida para &#8211; e mantida em &#8211; computadores localizados fora do teu estado, prov\u00edncia, pa\u00eds ou outra jurisdi\u00e7\u00e3o governamental onde as leis de prote\u00e7\u00e3o de dados podem ser diferentes das da tua jurisdi\u00e7\u00e3o. <\/p>\n<p>O teu consentimento para esta Pol\u00edtica de Privacidade, seguido do envio dessas informa\u00e7\u00f5es, representa o teu acordo com essa transfer\u00eancia.<\/p>\n<p>A Empresa tomar\u00e1 todas as medidas razoavelmente necess\u00e1rias para garantir que os teus dados sejam tratados de forma segura e de acordo com esta Pol\u00edtica de Privacidade e nenhuma transfer\u00eancia dos teus Dados Pessoais ter\u00e1 lugar para uma organiza\u00e7\u00e3o ou um pa\u00eds, a menos que existam controlos adequados em vigor, incluindo a seguran\u00e7a dos teus dados e outras informa\u00e7\u00f5es pessoais.<\/p>\n<h4>Eliminar os teus dados pessoais<\/h4>\n<p>Tens o direito de apagar ou de solicitar a nossa ajuda para apagar os dados pessoais que recolhemos sobre ti.<\/p>\n<p>O nosso Servi\u00e7o pode dar-te a possibilidade de eliminar determinadas informa\u00e7\u00f5es sobre ti do Servi\u00e7o.<\/p>\n<p>Podes atualizar, alterar ou eliminar as tuas informa\u00e7\u00f5es em qualquer altura iniciando sess\u00e3o na tua conta, se tiveres uma, e visitando a sec\u00e7\u00e3o de defini\u00e7\u00f5es da conta que te permite gerir as tuas informa\u00e7\u00f5es pessoais.<br \/>\nTamb\u00e9m podes contactar-nos para pedir acesso, corrigir ou eliminar quaisquer informa\u00e7\u00f5es pessoais que nos tenhas fornecido. <\/p>\n<p>Tem em aten\u00e7\u00e3o, no entanto, que poderemos ter de reter determinadas informa\u00e7\u00f5es quando tivermos uma obriga\u00e7\u00e3o legal ou uma base legal para o fazer.<\/p>\n<h4>Divulga\u00e7\u00e3o dos teus dados pessoais<\/h4>\n<h5>Transac\u00e7\u00f5es comerciais<\/h5>\n<p>Se a Empresa estiver envolvida numa fus\u00e3o, aquisi\u00e7\u00e3o ou venda de activos, os Teus Dados Pessoais podem ser transferidos.<br \/>\nAvisaremos antes de os Teus Dados Pessoais serem transferidos e ficarem sujeitos a uma Pol\u00edtica de Privacidade diferente. <\/p>\n<h5>Aplica\u00e7\u00e3o da lei<\/h5>\n<p>Em determinadas circunst\u00e2ncias, a Empresa pode ser obrigada a divulgar os teus Dados Pessoais se tal for exigido por lei ou em resposta a pedidos v\u00e1lidos de autoridades p\u00fablicas (por exemplo, um tribunal ou uma ag\u00eancia governamental).<\/p>\n<h5>Outros requisitos legais<\/h5>\n<p>A Empresa pode divulgar os teus Dados Pessoais na convic\u00e7\u00e3o de boa f\u00e9 de que tal a\u00e7\u00e3o \u00e9 necess\u00e1ria para:<\/p>\n<ul>\n<li>Cumpre uma obriga\u00e7\u00e3o legal<\/li>\n<li>Proteger e defender os direitos ou a propriedade da Empresa<\/li>\n<li>Prevenir ou investigar poss\u00edveis infrac\u00e7\u00f5es relacionadas com o Servi\u00e7o<\/li>\n<li>Proteger a seguran\u00e7a pessoal dos Utilizadores do Servi\u00e7o ou do p\u00fablico<\/li>\n<li>Protege-te contra a responsabilidade legal<\/li>\n<\/ul>\n<h4>Seguran\u00e7a dos teus dados pessoais<\/h4>\n<p>A seguran\u00e7a dos teus Dados Pessoais \u00e9 importante para N\u00f3s, mas lembra-te que nenhum m\u00e9todo de transmiss\u00e3o atrav\u00e9s da Internet ou m\u00e9todo de armazenamento eletr\u00f3nico \u00e9 100% seguro.<br \/>\nEmbora nos esforcemos por utilizar meios comercialmente aceit\u00e1veis para proteger os teus Dados Pessoais, n\u00e3o podemos garantir a sua seguran\u00e7a absoluta. <\/p>\n<h3>Privacidade das crian\u00e7as<\/h3>\n<p>O nosso Servi\u00e7o n\u00e3o se dirige a pessoas com idade inferior a 13 anos.<br \/>\nN\u00e3o recolhemos intencionalmente informa\u00e7\u00f5es de identifica\u00e7\u00e3o pessoal de menores de 13 anos.<br \/>\nSe fores um pai ou tutor e tiveres conhecimento de que o teu filho nos forneceu Dados Pessoais, contacta-nos.<br \/>\nSe tivermos conhecimento de que recolhemos Dados Pessoais de menores de 13 anos sem verifica\u00e7\u00e3o do consentimento parental, tomaremos medidas para remover essas informa\u00e7\u00f5es dos Nossos servidores.   <\/p>\n<p>Se tivermos de nos basear no consentimento como base legal para processar as tuas informa\u00e7\u00f5es e o teu pa\u00eds exigir o consentimento de um dos teus pais, podemos exigir o consentimento dos teus pais antes de recolhermos e utilizarmos essas informa\u00e7\u00f5es.<\/p>\n<h3>Liga\u00e7\u00f5es a outros s\u00edtios Web<\/h3>\n<p>O nosso Servi\u00e7o pode conter links para outros sites que n\u00e3o s\u00e3o operados por n\u00f3s.<br \/>\nSe clicares numa liga\u00e7\u00e3o de terceiros, ser\u00e1s direcionado para o site desses terceiros.<br \/>\nAconselhamos-te vivamente a rever a Pol\u00edtica de Privacidade de todos os sites que visitares.  <\/p>\n<p>N\u00e3o temos qualquer controlo e n\u00e3o assumimos qualquer responsabilidade pelo conte\u00fado, pol\u00edticas de privacidade ou pr\u00e1ticas de quaisquer sites ou servi\u00e7os de terceiros.<\/p>\n<h3>Altera\u00e7\u00f5es a esta Pol\u00edtica de Privacidade<\/h3>\n<p>Poderemos atualizar a nossa Pol\u00edtica de Privacidade ocasionalmente.<br \/>\nNotificar-te-emos de quaisquer altera\u00e7\u00f5es, publicando a nova Pol\u00edtica de Privacidade nesta p\u00e1gina. <\/p>\n<p>Informar-te-emos por e-mail e\/ou atrav\u00e9s de um aviso destacado no Nosso Servi\u00e7o, antes de a altera\u00e7\u00e3o entrar em vigor e actualizaremos a data da &#8220;\u00daltima atualiza\u00e7\u00e3o&#8221; no topo desta Pol\u00edtica de Privacidade.<\/p>\n<p>Aconselhamos-te a rever periodicamente esta Pol\u00edtica de Privacidade para verificar se existem altera\u00e7\u00f5es.<br \/>\nAs altera\u00e7\u00f5es a esta Pol\u00edtica de Privacidade entram em vigor quando s\u00e3o publicadas nesta p\u00e1gina. <\/p>\n<h3>Contacta-nos<\/h3>\n<p>Se tiveres alguma d\u00favida sobre esta Pol\u00edtica de Privacidade, podes contactar-nos:<\/p>\n<ul>\n<li>Por correio eletr\u00f3nico: office@kitespotapp.com<\/li>\n<\/ul>\n<\/div>\n<\/div>\n<\/div>\n\t\t\t\t\t\t\t\t<\/div>\n\t\t\t\t<\/div>\n\t\t\t\t<\/div>\n\t\t\t\t<\/div>\n\t\t","protected":false},"excerpt":{"rendered":"<p>POL\u00cdTICA DE PRIVACIDADE Esta Pol\u00edtica de Privacidade descreve as nossas pol\u00edticas e procedimentos sobre a recolha, utiliza\u00e7\u00e3o e divulga\u00e7\u00e3o das tuas informa\u00e7\u00f5es quando utilizas o Servi\u00e7o e informa-te sobre os teus direitos de privacidade e a forma como a lei te protege. Utilizamos os teus dados pessoais para fornecer e melhorar o Servi\u00e7o. Ao utilizares [&hellip;]<\/p>\n","protected":false},"author":1,"featured_media":0,"parent":0,"menu_order":0,"comment_status":"closed","ping_status":"closed","template":"elementor_header_footer","meta":{"footnotes":""},"class_list":["post-23484","page","type-page","status-publish","hentry"],"_links":{"self":[{"href":"https:\/\/kitespotapp.com\/pt-pt\/wp-json\/wp\/v2\/pages\/23484","targetHints":{"allow":["GET"]}}],"collection":[{"href":"https:\/\/kitespotapp.com\/pt-pt\/wp-json\/wp\/v2\/pages"}],"about":[{"href":"https:\/\/kitespotapp.com\/pt-pt\/wp-json\/wp\/v2\/types\/page"}],"author":[{"embeddable":true,"href":"https:\/\/kitespotapp.com\/pt-pt\/wp-json\/wp\/v2\/users\/1"}],"replies":[{"embeddable":true,"href":"https:\/\/kitespotapp.com\/pt-pt\/wp-json\/wp\/v2\/comments?post=23484"}],"version-history":[{"count":10,"href":"https:\/\/kitespotapp.com\/pt-pt\/wp-json\/wp\/v2\/pages\/23484\/revisions"}],"predecessor-version":[{"id":30860,"href":"https:\/\/kitespotapp.com\/pt-pt\/wp-json\/wp\/v2\/pages\/23484\/revisions\/30860"}],"wp:attachment":[{"href":"https:\/\/kitespotapp.com\/pt-pt\/wp-json\/wp\/v2\/media?parent=23484"}],"curies":[{"name":"wp","href":"https:\/\/api.w.org\/{rel}","templated":true}]}}