{"id":23483,"date":"2023-12-12T08:52:53","date_gmt":"2023-12-12T08:52:53","guid":{"rendered":"https:\/\/kitespotapp.com\/privacy-policy\/"},"modified":"2025-02-15T11:05:26","modified_gmt":"2025-02-15T11:05:26","slug":"privacy-policy","status":"publish","type":"page","link":"https:\/\/kitespotapp.com\/it\/privacy-policy\/","title":{"rendered":"Informativa sulla privacy"},"content":{"rendered":"\t\t<div data-elementor-type=\"wp-page\" data-elementor-id=\"23483\" class=\"elementor elementor-23483 elementor-21558\" data-elementor-post-type=\"page\">\n\t\t\t\t<div class=\"elementor-element elementor-element-8ebdbd7 e-con-full e-flex e-con e-parent\" data-id=\"8ebdbd7\" data-element_type=\"container\" data-e-type=\"container\" data-settings=\"{&quot;background_background&quot;:&quot;classic&quot;}\">\n\t\t\t\t<div class=\"elementor-element elementor-element-8861d5b elementor-widget-tablet__width-inherit elementor-widget-tablet_extra__width-initial elementor-widget elementor-widget-text-editor\" data-id=\"8861d5b\" data-element_type=\"widget\" data-e-type=\"widget\" data-widget_type=\"text-editor.default\">\n\t\t\t\t<div class=\"elementor-widget-container\">\n\t\t\t\t\t\t\t\t\t<div class=\"header\">\n<div class=\"container\">\n<h1 class=\"title\"><strong>INFORMATIVA SULLA PRIVACY<\/strong><\/h1>\n<\/div>\n<\/div>\n<div class=\"translations-content-container\">\n<div class=\"container\">\n<div id=\"en\" class=\"tab-content translations-content-item en visible\">\n<p>La presente Informativa sulla privacy descrive le nostre politiche e procedure relative alla raccolta, all&#8217;uso e alla divulgazione delle informazioni dell&#8217;utente quando utilizza il Servizio e informa l&#8217;utente sui suoi diritti alla privacy e su come la legge lo protegge.<\/p>\n<p>Utilizziamo i dati personali dell&#8217;Utente per fornire e migliorare il Servizio.<br \/>\nUtilizzando il Servizio, l&#8217;Utente accetta la raccolta e l&#8217;utilizzo delle informazioni in conformit\u00e0 con la presente Informativa sulla privacy.   <\/p>\n<h3>Interpretazione e definizioni<\/h3>\n<h4>Interpretazione<\/h4>\n<p>Le parole la cui lettera iniziale \u00e8 maiuscola hanno il significato definito nelle seguenti condizioni.<br \/>\nLe seguenti definizioni hanno lo stesso significato indipendentemente dal fatto che appaiano al singolare o al plurale. <\/p>\n<h4>Definizioni<\/h4>\n<p>Ai fini della presente Informativa sulla privacy:<\/p>\n<ul>\n<li>\n<p>Per <strong>Account<\/strong> si intende un account unico creato per l&#8217;Utente per accedere al nostro Servizio o a parti di esso.<\/p>\n<\/li>\n<li>\n<p>Per <strong>affiliata<\/strong> si intende un&#8217;entit\u00e0 che controlla, \u00e8 controllata da o \u00e8 sottoposta a controllo comune con una parte, dove per &#8220;controllo&#8221; si intende la propriet\u00e0 del 50% o pi\u00f9 delle azioni, dei titoli azionari o di altri titoli che danno diritto di voto per l&#8217;elezione degli amministratori o di altre autorit\u00e0 di gestione.<\/p>\n<\/li>\n<li>\n<p>L<strong>&#8216;applicazione<\/strong> si riferisce a &#8220;KiteSpot &#8211; find your spot&#8221;, il programma software fornito dalla Societ\u00e0.<\/p>\n<\/li>\n<li>\n<p><strong>La Societ\u00e0<\/strong> (indicata come &#8220;la Societ\u00e0&#8221;, &#8220;Noi&#8221;, &#8220;Ci&#8221; o &#8220;Nostro&#8221; nel presente Contratto) si riferisce a CMC Development GmbH, 81927 Monaco di Baviera.<\/p>\n<\/li>\n<li>\n<p>I <strong>cookie<\/strong> sono piccoli file che vengono inseriti da un sito web nel computer, nel dispositivo mobile o in qualsiasi altro dispositivo dell&#8217;utente e che contengono, tra le altre cose, i dettagli della cronologia di navigazione dell&#8217;utente su quel sito web.<\/p>\n<\/li>\n<li>\n<p>Il <strong>paese<\/strong> si riferisce a: Bayern, Germania<\/p>\n<\/li>\n<li>\n<p>Per <strong>Dispositivo<\/strong> si intende qualsiasi dispositivo in grado di accedere al Servizio, come ad esempio un computer, un telefono cellulare o una tavoletta digitale.<\/p>\n<\/li>\n<li>\n<p>I <strong>dati personali<\/strong> sono tutte le informazioni relative a un individuo identificato o identificabile.<\/p>\n<\/li>\n<li>\n<p>Il <strong>Servizio<\/strong> si riferisce all&#8217;Applicazione o al Sito Web o a entrambi.<\/p>\n<\/li>\n<li>\n<p>Per <strong>Fornitore di Servizi<\/strong> si intende qualsiasi persona fisica o giuridica che elabora i dati per conto della Societ\u00e0.<br \/>\nSi riferisce a societ\u00e0 o persone terze impiegate dalla Societ\u00e0 per facilitare il Servizio, per fornire il Servizio per conto della Societ\u00e0, per eseguire servizi relativi al Servizio o per assistere la Societ\u00e0 nell&#8217;analisi dell&#8217;utilizzo del Servizio. <\/p>\n<\/li>\n<li>\n<p>Per <strong>Servizio di Social Media di terze parti<\/strong> si intende qualsiasi sito web o qualsiasi sito di social network attraverso il quale un Utente pu\u00f2 accedere o creare un account per utilizzare il Servizio.<\/p>\n<\/li>\n<li>\n<p>I <strong>Dati di Utilizzo<\/strong> si riferiscono a dati raccolti automaticamente, generati dall&#8217;utilizzo del Servizio o dalla stessa infrastruttura del Servizio (ad esempio, la durata della visita di una pagina).<\/p>\n<\/li>\n<li>\n<p><strong>Il sito web<\/strong> fa riferimento a KiteSpotApp, accessibile da <a href=\"https:\/\/kitespotapp.com\/it\/\" target=\"_blank\" rel=\"external nofollow noopener\">https:\/\/kitespotapp.com<\/a>.<\/p>\n<\/li>\n<li>\n<p>Per <strong>utente<\/strong> si intende l&#8217;individuo che accede o utilizza il Servizio, o la societ\u00e0 o altra persona giuridica per conto della quale tale individuo accede o utilizza il Servizio, a seconda dei casi.<\/p>\n<\/li>\n<\/ul>\n<h3>Raccolta e utilizzo dei tuoi dati personali<\/h3>\n<h4>Tipi di dati raccolti<\/h4>\n<h5>Dati personali<\/h5>\n<p>Durante l&#8217;utilizzo del nostro Servizio, potremmo chiederti di fornirci alcune informazioni di identificazione personale che possono essere utilizzate per contattarti o identificarti.<br \/>\nLe informazioni di identificazione personale possono includere, a titolo esemplificativo ma non esaustivo: <\/p>\n<ul>\n<li>\n<p>Indirizzo e-mail<\/p>\n<\/li>\n<li>\n<p>Nome e cognome<\/p>\n<\/li>\n<li>\n<p>Dati di utilizzo<\/p>\n<\/li>\n<\/ul>\n<h5>Dati di utilizzo<\/h5>\n<p>I Dati di Utilizzo vengono raccolti automaticamente durante l&#8217;utilizzo del Servizio.<\/p>\n<p>I Dati di Utilizzo possono includere informazioni quali l&#8217;indirizzo del Protocollo Internet (es. indirizzo IP) del tuo dispositivo, il tipo di browser, la versione del browser, le pagine del nostro Servizio che visiti, l&#8217;ora e la data della tua visita, il tempo trascorso su tali pagine, gli identificatori unici del dispositivo e altri dati diagnostici.<\/p>\n<p>Quando l&#8217;utente accede al Servizio da o tramite un dispositivo mobile, possiamo raccogliere automaticamente alcune informazioni, tra cui, a titolo esemplificativo, il tipo di dispositivo mobile utilizzato dall&#8217;utente, l&#8217;ID univoco del dispositivo mobile, l&#8217;indirizzo IP del dispositivo mobile, il sistema operativo mobile, il tipo di browser Internet mobile utilizzato dall&#8217;utente, gli identificatori univoci del dispositivo e altri dati diagnostici.<\/p>\n<p>Possiamo anche raccogliere le informazioni che il tuo browser invia ogni volta che visiti il nostro Servizio o quando accedi al Servizio da o tramite un dispositivo mobile.<\/p>\n<h5>Informazioni provenienti da servizi di social media di terze parti<\/h5>\n<p>La Societ\u00e0 consente all&#8217;Utente di creare un account e di accedere al Servizio attraverso i seguenti Servizi di social media di terze parti:<\/p>\n<ul>\n<li>Google<\/li>\n<li>Facebook<\/li>\n<li>Instagram<\/li>\n<li>Twitter<\/li>\n<li>LinkedIn<\/li>\n<\/ul>\n<p>Se decidi di registrarti o di concederci l&#8217;accesso a un Servizio di social media di terze parti, potremmo raccogliere i dati personali gi\u00e0 associati all&#8217;account del tuo Servizio di social media di terze parti, come il tuo nome, il tuo indirizzo e-mail, le tue attivit\u00e0 o la tua lista di contatti associata a tale account.<\/p>\n<p>Potresti anche avere la possibilit\u00e0 di condividere ulteriori informazioni con la Societ\u00e0 attraverso l&#8217;account del tuo Servizio di Social Media di terze parti.<br \/>\nSe l&#8217;Utente sceglie di fornire tali informazioni e Dati personali, durante la registrazione o in altro modo, autorizza la Societ\u00e0 a utilizzarli, condividerli e conservarli in modo conforme alla presente Informativa sulla privacy. <\/p>\n<h5>Informazioni raccolte durante l&#8217;utilizzo dell&#8217;applicazione<\/h5>\n<p>Durante l&#8217;utilizzo della Nostra Applicazione, al fine di fornire le funzioni della Nostra Applicazione, potremmo raccogliere, previo consenso dell&#8217;Utente, i seguenti dati:<\/p>\n<ul>\n<li>\n<p>Informazioni sulla tua posizione<\/p>\n<\/li>\n<li>\n<p>Immagini e altre informazioni dalla fotocamera e dalla libreria fotografica del tuo dispositivo<\/p>\n<\/li>\n<\/ul>\n<p>Utilizziamo queste informazioni per fornire le funzionalit\u00e0 del nostro Servizio, per migliorare e personalizzare il nostro Servizio.<br \/>\nLe informazioni possono essere caricate sui server della Societ\u00e0 e\/o di un fornitore di servizi oppure possono essere semplicemente memorizzate sul dispositivo dell&#8217;utente. <\/p>\n<p>Puoi abilitare o disabilitare l&#8217;accesso a queste informazioni in qualsiasi momento, attraverso le impostazioni del tuo dispositivo.<\/p>\n<h5>Tecnologie di tracciamento e cookie<\/h5>\n<p>Utilizziamo cookie e tecnologie di tracciamento simili per monitorare l&#8217;attivit\u00e0 sul nostro Servizio e memorizzare alcune informazioni.<br \/>\nLe tecnologie di tracciamento utilizzate sono beacon, tag e script per raccogliere e tracciare informazioni e per migliorare e analizzare il Nostro Servizio.<br \/>\nLe tecnologie che utilizziamo possono includere:  <\/p>\n<ul>\n<li><strong>Cookie o cookie del browser.<\/strong>  Un cookie \u00e8 un file di piccole dimensioni che viene memorizzato sul tuo dispositivo.<br \/>\nPuoi indicare al tuo browser di rifiutare tutti i cookie o di segnalare l&#8217;invio di un cookie.<br \/>\nTuttavia, se non accetti i cookie, potresti non essere in grado di utilizzare alcune parti del nostro Servizio.<br \/>\nA meno che l&#8217;utente non abbia modificato le impostazioni del browser in modo da rifiutare i cookie, il nostro Servizio potrebbe utilizzare i cookie.   <\/li>\n<li><strong>Web Beacon.<\/strong>  Alcune sezioni del nostro Servizio e le nostre e-mail possono contenere piccoli file elettronici noti come web beacon (chiamati anche clear gif, pixel tag e single-pixel gif) che permettono alla Societ\u00e0, ad esempio, di contare gli utenti che hanno visitato quelle pagine o aperto un&#8217;e-mail e per altre statistiche relative al sito web (ad esempio, registrando la popolarit\u00e0 di una determinata sezione e verificando l&#8217;integrit\u00e0 del sistema e del server).<\/li>\n<\/ul>\n<p>I cookie possono essere &#8220;persistenti&#8221; o &#8220;di sessione&#8221;.<br \/>\nI cookie persistenti rimangono sul tuo computer o dispositivo mobile anche quando vai offline, mentre i cookie di sessione vengono eliminati non appena chiudi il tuo browser web.<br \/>\nPuoi trovare maggiori informazioni sui cookie nell&#8217;articolo <a href=\"https:\/\/www.termsfeed.com\/blog\/cookies\/#What_Are_Cookies\" target=\"_blank\" rel=\"noopener\">del sito web di TermsFeed<\/a>.  <\/p>\n<p>Utilizziamo sia cookie di sessione che persistenti per le finalit\u00e0 indicate di seguito:<\/p>\n<ul>\n<li>\n<p><strong>Cookie necessari \/ essenziali<\/strong><\/p>\n<p>Tipo: Cookie di sessione<\/p>\n<p>Amministrato da: Noi<\/p>\n<p>Finalit\u00e0: questi cookie sono essenziali per fornire all&#8217;utente i servizi disponibili attraverso il sito web e per consentirgli di utilizzare alcune delle sue funzionalit\u00e0.<br \/>\nAiutano ad autenticare gli utenti e a prevenire l&#8217;uso fraudolento dei loro account.<br \/>\nSenza questi cookie, i servizi richiesti dall&#8217;utente non possono essere forniti e noi li utilizziamo solo per fornire tali servizi all&#8217;utente.  <\/p>\n<\/li>\n<li>\n<p><strong>Informativa sui cookie \/ Avviso Accettazione dei cookie<\/strong><\/p>\n<p>Tipo: Cookie persistenti<\/p>\n<p>Amministrato da: Noi<\/p>\n<p>Scopo: Questi cookie identificano se gli utenti hanno accettato l&#8217;uso dei cookie sul sito web.<\/p>\n<\/li>\n<li>\n<p><strong>Cookie di funzionalit\u00e0<\/strong><\/p>\n<p>Tipo: Cookie persistenti<\/p>\n<p>Amministrato da: Noi<\/p>\n<p>Scopo: questi cookie ci permettono di ricordare le scelte che l&#8217;utente fa quando utilizza il sito web, come ad esempio ricordare i dati di accesso o la lingua preferita.<br \/>\nLo scopo di questi cookie \u00e8 quello di fornire all&#8217;utente un&#8217;esperienza pi\u00f9 personale e di evitare che l&#8217;utente debba reinserire le proprie preferenze ogni volta che utilizza il sito web. <\/p>\n<\/li>\n<\/ul>\n<p>Per maggiori informazioni sui cookie che utilizziamo e sulle tue scelte in merito, visita la nostra Politica sui cookie o la sezione Cookie della nostra Informativa sulla privacy.<\/p>\n<h4>Utilizzo dei tuoi dati personali<\/h4>\n<p>La Societ\u00e0 pu\u00f2 utilizzare i Dati personali per i seguenti scopi:<\/p>\n<ul>\n<li>\n<p><strong>Per fornire e mantenere il nostro Servizio<\/strong>, incluso il monitoraggio dell&#8217;utilizzo del nostro Servizio.<\/p>\n<\/li>\n<li>\n<p><strong>Per gestire il tuo account:<\/strong> per gestire la tua registrazione come utente del Servizio.<br \/>\nI Dati Personali da Lei forniti possono consentirle di accedere a diverse funzionalit\u00e0 del Servizio che sono disponibili per Lei in quanto utente registrato. <\/p>\n<\/li>\n<li>\n<p><strong>Per l&#8217;esecuzione di un contratto: lo<\/strong> sviluppo, il rispetto e l&#8217;esecuzione del contratto di acquisto dei prodotti, articoli o servizi che hai acquistato o di qualsiasi altro contratto con noi attraverso il Servizio.<\/p>\n<\/li>\n<li>\n<p><strong>Per contattarti:<\/strong> Contattare l&#8217;Utente tramite e-mail, telefonate, SMS o altre forme equivalenti di comunicazione elettronica, come le notifiche push di un&#8217;applicazione mobile, in merito ad aggiornamenti o comunicazioni informative relative alle funzionalit\u00e0, ai prodotti o ai servizi oggetto del contratto, compresi gli aggiornamenti di sicurezza, quando necessario o ragionevole per la loro implementazione.<\/p>\n<\/li>\n<li>\n<p><strong>Per fornirLe<\/strong> notizie, offerte speciali e informazioni generali su altri beni, servizi ed eventi che offriamo e che sono simili a quelli che Lei ha gi\u00e0 acquistato o per i quali ha richiesto informazioni, a meno che Lei non abbia scelto di non ricevere tali informazioni.<\/p>\n<\/li>\n<li>\n<p><strong>Per gestire le tue richieste:<\/strong> Per assistere e gestire le Sue richieste a Noi.<\/p>\n<\/li>\n<li>\n<p><strong>Per trasferimenti aziendali:<\/strong> Potremmo utilizzare le informazioni dell&#8217;utente per valutare o condurre una fusione, una cessione, una ristrutturazione, una riorganizzazione, uno scioglimento o un&#8217;altra vendita o trasferimento di alcuni o di tutti i nostri beni, sia come impresa in attivit\u00e0 che come parte di un fallimento, di una liquidazione o di un procedimento simile, in cui i dati personali in nostro possesso relativi agli utenti del nostro Servizio siano tra i beni trasferiti.<\/p>\n<\/li>\n<li>\n<p><strong>Per altri scopi<\/strong>: Possiamo utilizzare i tuoi dati per altri scopi, come l&#8217;analisi dei dati, l&#8217;identificazione delle tendenze d&#8217;uso, la determinazione dell&#8217;efficacia delle nostre campagne promozionali e la valutazione e il miglioramento del nostro Servizio, dei prodotti, dei servizi, del marketing e della tua esperienza.<\/p>\n<\/li>\n<\/ul>\n<p>Possiamo condividere i tuoi dati personali nelle seguenti situazioni:<\/p>\n<ul>\n<li><strong>Con i fornitori di servizi:<\/strong> Possiamo condividere le informazioni personali dell&#8217;utente con i fornitori di servizi per monitorare e analizzare l&#8217;uso del nostro Servizio, per contattare l&#8217;utente.<\/li>\n<li><strong>Per trasferimenti di attivit\u00e0:<\/strong> Potremmo condividere o trasferire i tuoi dati personali in relazione a, o durante le trattative di, qualsiasi fusione, vendita di beni aziendali, finanziamento o acquisizione di tutta o parte della nostra attivit\u00e0 a un&#8217;altra societ\u00e0.<\/li>\n<li><strong>Con gli affiliati:<\/strong> Potremmo condividere le informazioni dell&#8217;utente con le nostre affiliate, nel qual caso richiederemo a tali affiliate di rispettare la presente Informativa sulla privacy.<br \/>\nLe societ\u00e0 affiliate includono la nostra societ\u00e0 madre e qualsiasi altra filiale, joint venture o altra societ\u00e0 che controlliamo o che sono sotto controllo comune con noi. <\/li>\n<li><strong>Con partner commerciali:<\/strong> Possiamo condividere le tue informazioni con i nostri partner commerciali per offrirti determinati prodotti, servizi o promozioni.<\/li>\n<li><strong>Con altri utenti:<\/strong> quando condividi informazioni personali o interagisci in altro modo nelle aree pubbliche con altri utenti, tali informazioni possono essere visualizzate da tutti gli utenti e possono essere diffuse pubblicamente all&#8217;esterno.<br \/>\nSe l&#8217;Utente interagisce con altri utenti o si registra tramite un Servizio di social media di terze parti, i suoi contatti sul Servizio di social media di terze parti possono vedere il suo nome, il suo profilo, le sue immagini e la descrizione della sua attivit\u00e0.<br \/>\nAllo stesso modo, altri utenti potranno visualizzare le descrizioni delle tue attivit\u00e0, comunicare con te e visualizzare il tuo profilo.  <\/li>\n<li><strong>Con il tuo consenso<\/strong>: Possiamo divulgare i tuoi dati personali per qualsiasi altro scopo con il tuo consenso.<\/li>\n<\/ul>\n<h4>Conservazione dei tuoi dati personali<\/h4>\n<p>La Societ\u00e0 conserver\u00e0 i Dati personali dell&#8217;utente solo per il tempo necessario agli scopi indicati nella presente Informativa sulla privacy.<br \/>\nConserveremo e utilizzeremo i Dati personali dell&#8217;utente nella misura necessaria per adempiere ai nostri obblighi legali (ad esempio, se siamo tenuti a conservare i dati dell&#8217;utente per ottemperare alle leggi vigenti), risolvere le controversie e applicare i nostri accordi legali e le nostre politiche. <\/p>\n<p>La Societ\u00e0 conserver\u00e0 inoltre i Dati di Utilizzo a scopo di analisi interna.<br \/>\nI Dati di Utilizzo vengono generalmente conservati per un periodo di tempo pi\u00f9 breve, tranne nei casi in cui tali dati vengano utilizzati per rafforzare la sicurezza o migliorare la funzionalit\u00e0 del nostro Servizio, o quando siamo legalmente obbligati a conservarli per periodi di tempo pi\u00f9 lunghi. <\/p>\n<h4>Trasferimento dei tuoi dati personali<\/h4>\n<p>Le tue informazioni, inclusi i Dati Personali, vengono elaborate presso gli uffici operativi della Societ\u00e0 e in qualsiasi altro luogo in cui si trovino le parti coinvolte nell&#8217;elaborazione.<br \/>\nCi\u00f2 significa che tali informazioni possono essere trasferite a &#8211; e mantenute su &#8211; computer situati al di fuori del tuo stato, provincia, paese o altra giurisdizione governativa in cui le leggi sulla protezione dei dati possono essere diverse da quelle della tua giurisdizione. <\/p>\n<p>Il tuo consenso alla presente Informativa sulla privacy seguito dall&#8217;invio di tali informazioni rappresenta il tuo consenso a tale trasferimento.<\/p>\n<p>La Societ\u00e0 adotter\u00e0 tutte le misure ragionevolmente necessarie per garantire che i tuoi dati siano trattati in modo sicuro e in conformit\u00e0 con la presente Informativa sulla privacy e nessun trasferimento dei tuoi dati personali avverr\u00e0 verso un&#8217;organizzazione o un paese a meno che non vi siano controlli adeguati in atto, compresa la sicurezza dei tuoi dati e di altre informazioni personali.<\/p>\n<h4>Cancella i tuoi dati personali<\/h4>\n<p>L&#8217;utente ha il diritto di cancellare o di richiedere l&#8217;assistenza della societ\u00e0 per la cancellazione dei dati personali che abbiamo raccolto su di lui.<\/p>\n<p>Il nostro Servizio pu\u00f2 offrire all&#8217;utente la possibilit\u00e0 di cancellare alcune informazioni che lo riguardano all&#8217;interno del Servizio.<\/p>\n<p>Puoi aggiornare, modificare o cancellare le tue informazioni in qualsiasi momento accedendo al tuo account, se ne hai uno, e visitando la sezione delle impostazioni dell&#8217;account che ti consente di gestire le tue informazioni personali.<br \/>\nPuoi anche contattarci per richiedere l&#8217;accesso, la correzione o l&#8217;eliminazione di qualsiasi informazione personale che ci hai fornito. <\/p>\n<p>Tuttavia, potremmo aver bisogno di conservare alcune informazioni quando abbiamo un obbligo legale o una base legittima per farlo.<\/p>\n<h4>Divulgazione dei tuoi dati personali<\/h4>\n<h5>Transazioni commerciali<\/h5>\n<p>Se la Societ\u00e0 \u00e8 coinvolta in una fusione, acquisizione o vendita di attivit\u00e0, i tuoi Dati personali potrebbero essere trasferiti.<br \/>\nTi informeremo prima che i tuoi Dati personali vengano trasferiti e diventino soggetti a una diversa Informativa sulla privacy. <\/p>\n<h5>Applicazione della legge<\/h5>\n<p>In determinate circostanze, la Societ\u00e0 potrebbe essere tenuta a divulgare i Dati personali dell&#8217;utente se obbligata dalla legge o in risposta a richieste valide da parte di autorit\u00e0 pubbliche (ad esempio, un tribunale o un&#8217;agenzia governativa).<\/p>\n<h5>Altri requisiti legali<\/h5>\n<p>La Societ\u00e0 pu\u00f2 divulgare i tuoi dati personali ritenendo in buona fede che tale azione sia necessaria per:<\/p>\n<ul>\n<li>Adempiere a un obbligo legale<\/li>\n<li>proteggere e difendere i diritti o la propriet\u00e0 dell&#8217;Azienda<\/li>\n<li>prevenire o indagare su eventuali illeciti in relazione al Servizio<\/li>\n<li>proteggere la sicurezza personale degli utenti del Servizio o del pubblico<\/li>\n<li>Proteggersi dalla responsabilit\u00e0 legale<\/li>\n<\/ul>\n<h4>Sicurezza dei tuoi dati personali<\/h4>\n<p>La sicurezza dei tuoi Dati personali \u00e8 importante per Noi, ma ricorda che nessun metodo di trasmissione su Internet o di archiviazione elettronica \u00e8 sicuro al 100%.<br \/>\nSebbene ci sforziamo di utilizzare mezzi commercialmente accettabili per proteggere i Dati personali dell&#8217;utente, non possiamo garantirne l&#8217;assoluta sicurezza. <\/p>\n<h3>Privacy dei bambini<\/h3>\n<p>Il nostro Servizio non si rivolge a persone di et\u00e0 inferiore ai 13 anni.<br \/>\nNon raccogliamo consapevolmente informazioni di identificazione personale da persone di et\u00e0 inferiore ai 13 anni.<br \/>\nSe sei un genitore o un tutore e sei a conoscenza del fatto che tuo figlio ci ha fornito Dati personali, ti preghiamo di contattarci.<br \/>\nSe veniamo a conoscenza del fatto che abbiamo raccolto dati personali da persone di et\u00e0 inferiore ai 13 anni senza verificare il consenso dei genitori, ci attiviamo per rimuovere tali informazioni dai nostri server.   <\/p>\n<p>Se dobbiamo basarci sul consenso come base legale per il trattamento dei tuoi dati e il tuo paese richiede il consenso di un genitore, potremmo richiedere il consenso del tuo genitore prima di raccogliere e utilizzare tali informazioni.<\/p>\n<h3>Link ad altri siti web<\/h3>\n<p>Il nostro Servizio pu\u00f2 contenere link ad altri siti web che non sono gestiti da noi.<br \/>\nSe l&#8217;Utente clicca su un link di terzi, sar\u00e0 indirizzato al sito di questi ultimi.<br \/>\nConsigliamo vivamente all&#8217;Utente di prendere visione dell&#8217;Informativa sulla Privacy di ogni sito che visita.  <\/p>\n<p>Non abbiamo alcun controllo e non ci assumiamo alcuna responsabilit\u00e0 per i contenuti, le politiche sulla privacy o le pratiche di siti o servizi di terzi.<\/p>\n<h3>Modifiche alla presente Informativa sulla privacy<\/h3>\n<p>Potremmo aggiornare la nostra Informativa sulla privacy di tanto in tanto.<br \/>\nTi informeremo di eventuali modifiche pubblicando la nuova Informativa sulla privacy su questa pagina. <\/p>\n<p>Ti informeremo via e-mail e\/o con un avviso ben visibile sul nostro Servizio, prima che la modifica diventi effettiva e aggiorneremo la data &#8220;Ultimo aggiornamento&#8221; in cima alla presente Informativa sulla privacy.<\/p>\n<p>Si consiglia di rivedere periodicamente la presente Informativa sulla privacy per verificare eventuali modifiche.<br \/>\nLe modifiche alla presente Informativa sulla privacy entrano in vigore nel momento in cui vengono pubblicate su questa pagina. <\/p>\n<h3>Contattaci<\/h3>\n<p>Se hai domande sulla presente Informativa sulla privacy, puoi contattarci:<\/p>\n<ul>\n<li>Per e-mail: office@kitespotapp.com<\/li>\n<\/ul>\n<\/div>\n<\/div>\n<\/div>\n\t\t\t\t\t\t\t\t<\/div>\n\t\t\t\t<\/div>\n\t\t\t\t<\/div>\n\t\t\t\t<\/div>\n\t\t","protected":false},"excerpt":{"rendered":"<p>INFORMATIVA SULLA PRIVACY La presente Informativa sulla privacy descrive le nostre politiche e procedure relative alla raccolta, all&#8217;uso e alla divulgazione delle informazioni dell&#8217;utente quando utilizza il Servizio e informa l&#8217;utente sui suoi diritti alla privacy e su come la legge lo protegge. Utilizziamo i dati personali dell&#8217;Utente per fornire e migliorare il Servizio. Utilizzando [&hellip;]<\/p>\n","protected":false},"author":1,"featured_media":0,"parent":0,"menu_order":0,"comment_status":"closed","ping_status":"closed","template":"elementor_header_footer","meta":{"footnotes":""},"class_list":["post-23483","page","type-page","status-publish","hentry"],"_links":{"self":[{"href":"https:\/\/kitespotapp.com\/it\/wp-json\/wp\/v2\/pages\/23483","targetHints":{"allow":["GET"]}}],"collection":[{"href":"https:\/\/kitespotapp.com\/it\/wp-json\/wp\/v2\/pages"}],"about":[{"href":"https:\/\/kitespotapp.com\/it\/wp-json\/wp\/v2\/types\/page"}],"author":[{"embeddable":true,"href":"https:\/\/kitespotapp.com\/it\/wp-json\/wp\/v2\/users\/1"}],"replies":[{"embeddable":true,"href":"https:\/\/kitespotapp.com\/it\/wp-json\/wp\/v2\/comments?post=23483"}],"version-history":[{"count":10,"href":"https:\/\/kitespotapp.com\/it\/wp-json\/wp\/v2\/pages\/23483\/revisions"}],"predecessor-version":[{"id":30859,"href":"https:\/\/kitespotapp.com\/it\/wp-json\/wp\/v2\/pages\/23483\/revisions\/30859"}],"wp:attachment":[{"href":"https:\/\/kitespotapp.com\/it\/wp-json\/wp\/v2\/media?parent=23483"}],"curies":[{"name":"wp","href":"https:\/\/api.w.org\/{rel}","templated":true}]}}