{"id":23504,"date":"2023-07-14T06:15:36","date_gmt":"2023-07-14T06:15:36","guid":{"rendered":"https:\/\/kitespotapp.com\/blog\/"},"modified":"2025-03-14T13:36:08","modified_gmt":"2025-03-14T13:36:08","slug":"blog","status":"publish","type":"page","link":"https:\/\/kitespotapp.com\/fr\/blog\/","title":{"rendered":"Blog"},"content":{"rendered":"\t\t<div data-elementor-type=\"wp-page\" data-elementor-id=\"23504\" class=\"elementor elementor-23504 elementor-16313\" data-elementor-post-type=\"page\">\n\t\t\t\t<div class=\"elementor-element elementor-element-0f5ca07 e-flex e-con-boxed e-con e-parent\" data-id=\"0f5ca07\" data-element_type=\"container\" data-e-type=\"container\">\n\t\t\t\t\t<div class=\"e-con-inner\">\n\t\t\t\t<div class=\"elementor-element elementor-element-173ce8e elementor-grid-4 elementor-grid-tablet-2 elementor-grid-mobile-1 elementor-posts--thumbnail-top elementor-card-shadow-yes elementor-posts__hover-gradient elementor-widget elementor-widget-posts\" data-id=\"173ce8e\" data-element_type=\"widget\" data-e-type=\"widget\" data-settings=\"{&quot;cards_columns&quot;:&quot;4&quot;,&quot;cards_columns_tablet&quot;:&quot;2&quot;,&quot;cards_columns_mobile&quot;:&quot;1&quot;,&quot;cards_row_gap&quot;:{&quot;unit&quot;:&quot;px&quot;,&quot;size&quot;:35,&quot;sizes&quot;:[]},&quot;cards_row_gap_laptop&quot;:{&quot;unit&quot;:&quot;px&quot;,&quot;size&quot;:&quot;&quot;,&quot;sizes&quot;:[]},&quot;cards_row_gap_tablet_extra&quot;:{&quot;unit&quot;:&quot;px&quot;,&quot;size&quot;:&quot;&quot;,&quot;sizes&quot;:[]},&quot;cards_row_gap_tablet&quot;:{&quot;unit&quot;:&quot;px&quot;,&quot;size&quot;:&quot;&quot;,&quot;sizes&quot;:[]},&quot;cards_row_gap_mobile_extra&quot;:{&quot;unit&quot;:&quot;px&quot;,&quot;size&quot;:&quot;&quot;,&quot;sizes&quot;:[]},&quot;cards_row_gap_mobile&quot;:{&quot;unit&quot;:&quot;px&quot;,&quot;size&quot;:&quot;&quot;,&quot;sizes&quot;:[]}}\" data-widget_type=\"posts.cards\">\n\t\t\t\t<div class=\"elementor-widget-container\">\n\t\t\t\t\t\t\t<div class=\"elementor-posts-container elementor-posts elementor-posts--skin-cards elementor-grid\" role=\"list\">\n\t\t\t\t<article class=\"elementor-post elementor-grid-item post-30910 post type-post status-publish format-standard has-post-thumbnail hentry category-blog-fr tag-kite-trip-fr tag-kiteboarding-fr tag-kitespot-fr tag-kitesurf-fr tag-kitesurfing-fr tag-windsurfing-fr tag-wingfoiling-fr\" role=\"listitem\">\n\t\t\t<div class=\"elementor-post__card\">\n\t\t\t\t<a class=\"elementor-post__thumbnail__link\" href=\"https:\/\/kitespotapp.com\/fr\/best-spots-in-dubai\/\" tabindex=\"-1\" ><div class=\"elementor-post__thumbnail\"><img fetchpriority=\"high\" decoding=\"async\" width=\"300\" height=\"200\" src=\"https:\/\/kitespotapp.com\/wp-content\/uploads\/2025\/01\/Schermata-2025-02-07-alle-16.28.27-300x200.png\" class=\"attachment-medium size-medium wp-image-30749\" alt=\"\" srcset=\"https:\/\/kitespotapp.com\/wp-content\/uploads\/2025\/01\/Schermata-2025-02-07-alle-16.28.27-300x200.png 300w, https:\/\/kitespotapp.com\/wp-content\/uploads\/2025\/01\/Schermata-2025-02-07-alle-16.28.27-1024x681.png 1024w, https:\/\/kitespotapp.com\/wp-content\/uploads\/2025\/01\/Schermata-2025-02-07-alle-16.28.27-768x511.png 768w, https:\/\/kitespotapp.com\/wp-content\/uploads\/2025\/01\/Schermata-2025-02-07-alle-16.28.27.png 1445w\" sizes=\"(max-width: 300px) 100vw, 300px\" \/><\/div><\/a>\n\t\t\t\t<div class=\"elementor-post__text\">\n\t\t\t\t<h3 class=\"elementor-post__title\">\n\t\t\t<a href=\"https:\/\/kitespotapp.com\/fr\/best-spots-in-dubai\/\" >\n\t\t\t\tBest Spots in Dubai\t\t\t<\/a>\n\t\t<\/h3>\n\t\t\t\t<div class=\"elementor-post__excerpt\">\n\t\t\t<p>Kitesurfing in Dubai\u200b\u200b Where Warm Winds Meet Luxury Leisure\u200b\u200b Image credit: Vicky Yu (source: unsplash.com) Dubai: Where Luxury, Adventure, and<\/p>\n\t\t<\/div>\n\t\t\t\t\t<div class=\"elementor-post__read-more-wrapper\">\n\t\t\n\t\t<a class=\"elementor-post__read-more\" href=\"https:\/\/kitespotapp.com\/fr\/best-spots-in-dubai\/\" aria-label=\"En savoir plus sur Best Spots in Dubai\" tabindex=\"-1\" >\n\t\t\tLire la suite \u00bb\t\t<\/a>\n\n\t\t\t\t\t<\/div>\n\t\t\t\t<\/div>\n\t\t\t\t<div class=\"elementor-post__meta-data\">\n\t\t\t\t\t<span class=\"elementor-post-date\">\n\t\t\t10 janvier 2025\t\t<\/span>\n\t\t\t\t<span class=\"elementor-post-avatar\">\n\t\t\tAucun commentaire\t\t<\/span>\n\t\t\t\t<\/div>\n\t\t\t\t\t<\/div>\n\t\t<\/article>\n\t\t\t\t<article class=\"elementor-post elementor-grid-item post-24734 post type-post status-publish format-standard has-post-thumbnail hentry category-blog category-blog-fr tag-kite-spot-fr tag-kiteboard-fr tag-kiteboarding-fr tag-kitespot-fr tag-kitesurf-fr tag-kitesurfing-fr tag-snowkite-fr tag-snowkiting-fr tag-windsurf-fr tag-windsurfing-fr tag-wing-foil-fr tag-wing-foiling-fr tag-wingfoil-fr tag-wingfoiling-fr\" role=\"listitem\">\n\t\t\t<div class=\"elementor-post__card\">\n\t\t\t\t<a class=\"elementor-post__thumbnail__link\" href=\"https:\/\/kitespotapp.com\/fr\/kitespot-charter\/\" tabindex=\"-1\" ><div class=\"elementor-post__thumbnail\"><img decoding=\"async\" width=\"300\" height=\"145\" src=\"https:\/\/kitespotapp.com\/wp-content\/uploads\/2024\/11\/Frame-2098-1-300x145.png\" class=\"attachment-medium size-medium wp-image-25989\" alt=\"\" srcset=\"https:\/\/kitespotapp.com\/wp-content\/uploads\/2024\/11\/Frame-2098-1-300x145.png 300w, https:\/\/kitespotapp.com\/wp-content\/uploads\/2024\/11\/Frame-2098-1-1024x494.png 1024w, https:\/\/kitespotapp.com\/wp-content\/uploads\/2024\/11\/Frame-2098-1-768x370.png 768w, https:\/\/kitespotapp.com\/wp-content\/uploads\/2024\/11\/Frame-2098-1-1536x740.png 1536w, https:\/\/kitespotapp.com\/wp-content\/uploads\/2024\/11\/Frame-2098-1-2048x987.png 2048w\" sizes=\"(max-width: 300px) 100vw, 300px\" \/><\/div><\/a>\n\t\t\t\t<div class=\"elementor-post__text\">\n\t\t\t\t<h3 class=\"elementor-post__title\">\n\t\t\t<a href=\"https:\/\/kitespotapp.com\/fr\/kitespot-charter\/\" >\n\t\t\t\tLa Charte responsable pour l&rsquo;utilisation des spots de kite\/ailes\/planches \u00e0 voile\t\t\t<\/a>\n\t\t<\/h3>\n\t\t\t\t<div class=\"elementor-post__excerpt\">\n\t\t\t<p>La Charte du Surfeur Responsablepour l&rsquo;utilisation des spots de kitesurf \/ Wingfoil et Windsurf Lorsque vous pratiquez le kitesurf, le<\/p>\n\t\t<\/div>\n\t\t\t\t\t<div class=\"elementor-post__read-more-wrapper\">\n\t\t\n\t\t<a class=\"elementor-post__read-more\" href=\"https:\/\/kitespotapp.com\/fr\/kitespot-charter\/\" aria-label=\"En savoir plus sur La Charte responsable pour l&rsquo;utilisation des spots de kite\/ailes\/planches \u00e0 voile\" tabindex=\"-1\" >\n\t\t\tLire la suite \u00bb\t\t<\/a>\n\n\t\t\t\t\t<\/div>\n\t\t\t\t<\/div>\n\t\t\t\t<div class=\"elementor-post__meta-data\">\n\t\t\t\t\t<span class=\"elementor-post-date\">\n\t\t\t8 novembre 2024\t\t<\/span>\n\t\t\t\t<span class=\"elementor-post-avatar\">\n\t\t\tAucun commentaire\t\t<\/span>\n\t\t\t\t<\/div>\n\t\t\t\t\t<\/div>\n\t\t<\/article>\n\t\t\t\t<article class=\"elementor-post elementor-grid-item post-23560 post type-post status-publish format-standard has-post-thumbnail hentry category-blog-fr tag-kite-spot-fr tag-kiteboard-fr tag-kiteboarding-fr tag-kitespot-fr tag-kitesurf-fr tag-kitesurfing-fr tag-snowkite-fr tag-snowkiting-fr tag-windsurf-fr tag-windsurfing-fr tag-wing-foil-fr tag-wing-foiling-fr tag-wingfoil-fr tag-wingfoiling-fr\" role=\"listitem\">\n\t\t\t<div class=\"elementor-post__card\">\n\t\t\t\t<a class=\"elementor-post__thumbnail__link\" href=\"https:\/\/kitespotapp.com\/fr\/kitesurfing-disciplines\/\" tabindex=\"-1\" ><div class=\"elementor-post__thumbnail\"><img decoding=\"async\" width=\"300\" height=\"169\" src=\"https:\/\/kitespotapp.com\/wp-content\/uploads\/2023\/07\/Screenshot-2023-07-21-160217-300x169.png\" class=\"attachment-medium size-medium wp-image-23088\" alt=\"\" srcset=\"https:\/\/kitespotapp.com\/wp-content\/uploads\/2023\/07\/Screenshot-2023-07-21-160217-300x169.png 300w, https:\/\/kitespotapp.com\/wp-content\/uploads\/2023\/07\/Screenshot-2023-07-21-160217-1024x576.png 1024w, https:\/\/kitespotapp.com\/wp-content\/uploads\/2023\/07\/Screenshot-2023-07-21-160217-768x432.png 768w, https:\/\/kitespotapp.com\/wp-content\/uploads\/2023\/07\/Screenshot-2023-07-21-160217-1536x864.png 1536w, https:\/\/kitespotapp.com\/wp-content\/uploads\/2023\/07\/Screenshot-2023-07-21-160217-2048x1152.png 2048w\" sizes=\"(max-width: 300px) 100vw, 300px\" \/><\/div><\/a>\n\t\t\t\t<div class=\"elementor-post__text\">\n\t\t\t\t<h3 class=\"elementor-post__title\">\n\t\t\t<a href=\"https:\/\/kitespotapp.com\/fr\/kitesurfing-disciplines\/\" >\n\t\t\t\tDisciplines du kitesurf\t\t\t<\/a>\n\t\t<\/h3>\n\t\t\t\t<div class=\"elementor-post__excerpt\">\n\t\t\t<p>Disciplines du kitesurf Il ne s&rsquo;agit pas seulement de surfer sur les vagues, mais aussi de ma\u00eetriser une vari\u00e9t\u00e9 de<\/p>\n\t\t<\/div>\n\t\t\t\t\t<div class=\"elementor-post__read-more-wrapper\">\n\t\t\n\t\t<a class=\"elementor-post__read-more\" href=\"https:\/\/kitespotapp.com\/fr\/kitesurfing-disciplines\/\" aria-label=\"En savoir plus sur Disciplines du kitesurf\" tabindex=\"-1\" >\n\t\t\tLire la suite \u00bb\t\t<\/a>\n\n\t\t\t\t\t<\/div>\n\t\t\t\t<\/div>\n\t\t\t\t<div class=\"elementor-post__meta-data\">\n\t\t\t\t\t<span class=\"elementor-post-date\">\n\t\t\t8 f\u00e9vrier 2024\t\t<\/span>\n\t\t\t\t<span class=\"elementor-post-avatar\">\n\t\t\tAucun commentaire\t\t<\/span>\n\t\t\t\t<\/div>\n\t\t\t\t\t<\/div>\n\t\t<\/article>\n\t\t\t\t<article class=\"elementor-post elementor-grid-item post-23568 post type-post status-publish format-standard has-post-thumbnail hentry category-blog-fr tag-kite-spot-fr tag-kiteboard-fr tag-kiteboarding-fr tag-kitespot-fr tag-kitesurf-fr tag-kitesurfing-fr tag-snowkite-fr tag-snowkiting-fr tag-windsurf-fr tag-windsurfing-fr tag-wing-foil-fr tag-wing-foiling-fr tag-wingfoil-fr tag-wingfoiling-fr\" role=\"listitem\">\n\t\t\t<div class=\"elementor-post__card\">\n\t\t\t\t<a class=\"elementor-post__thumbnail__link\" href=\"https:\/\/kitespotapp.com\/fr\/hidden-hazard\/\" tabindex=\"-1\" ><div class=\"elementor-post__thumbnail\"><img loading=\"lazy\" decoding=\"async\" width=\"300\" height=\"173\" src=\"https:\/\/kitespotapp.com\/wp-content\/uploads\/2023\/08\/hidden-HAZARD-300x173.webp\" class=\"attachment-medium size-medium wp-image-23416\" alt=\"\" srcset=\"https:\/\/kitespotapp.com\/wp-content\/uploads\/2023\/08\/hidden-HAZARD-300x173.webp 300w, https:\/\/kitespotapp.com\/wp-content\/uploads\/2023\/08\/hidden-HAZARD-1024x591.webp 1024w, https:\/\/kitespotapp.com\/wp-content\/uploads\/2023\/08\/hidden-HAZARD-768x443.webp 768w, https:\/\/kitespotapp.com\/wp-content\/uploads\/2023\/08\/hidden-HAZARD-1536x887.webp 1536w, https:\/\/kitespotapp.com\/wp-content\/uploads\/2023\/08\/hidden-HAZARD-2048x1182.webp 2048w\" sizes=\"(max-width: 300px) 100vw, 300px\" \/><\/div><\/a>\n\t\t\t\t<div class=\"elementor-post__text\">\n\t\t\t\t<h3 class=\"elementor-post__title\">\n\t\t\t<a href=\"https:\/\/kitespotapp.com\/fr\/hidden-hazard\/\" >\n\t\t\t\tLe danger cach\u00e9\t\t\t<\/a>\n\t\t<\/h3>\n\t\t\t\t<div class=\"elementor-post__excerpt\">\n\t\t\t<p>Le danger cach\u00e9 : les bou\u00e9es et la s\u00e9curit\u00e9 en kitesurf Le kitesurf, sport d&rsquo;exaltation et d&rsquo;habilet\u00e9, comporte son lot<\/p>\n\t\t<\/div>\n\t\t\t\t\t<div class=\"elementor-post__read-more-wrapper\">\n\t\t\n\t\t<a class=\"elementor-post__read-more\" href=\"https:\/\/kitespotapp.com\/fr\/hidden-hazard\/\" aria-label=\"En savoir plus sur Le danger cach\u00e9\" tabindex=\"-1\" >\n\t\t\tLire la suite \u00bb\t\t<\/a>\n\n\t\t\t\t\t<\/div>\n\t\t\t\t<\/div>\n\t\t\t\t<div class=\"elementor-post__meta-data\">\n\t\t\t\t\t<span class=\"elementor-post-date\">\n\t\t\t7 f\u00e9vrier 2024\t\t<\/span>\n\t\t\t\t<span class=\"elementor-post-avatar\">\n\t\t\tAucun commentaire\t\t<\/span>\n\t\t\t\t<\/div>\n\t\t\t\t\t<\/div>\n\t\t<\/article>\n\t\t\t\t<article class=\"elementor-post elementor-grid-item post-23584 post type-post status-publish format-standard has-post-thumbnail hentry category-blog-fr tag-kite-spot-fr tag-kiteboard-fr tag-kiteboarding-fr tag-kitespot-fr tag-kitesurf-fr tag-kitesurfing-fr tag-snowkite-fr tag-snowkiting-fr tag-windsurf-fr tag-windsurfing-fr tag-wing-foil-fr tag-wing-foiling-fr tag-wingfoil-fr tag-wingfoiling-fr\" role=\"listitem\">\n\t\t\t<div class=\"elementor-post__card\">\n\t\t\t\t<a class=\"elementor-post__thumbnail__link\" href=\"https:\/\/kitespotapp.com\/fr\/kitespot-blog-1\/\" tabindex=\"-1\" ><div class=\"elementor-post__thumbnail\"><img loading=\"lazy\" decoding=\"async\" width=\"300\" height=\"169\" src=\"https:\/\/kitespotapp.com\/wp-content\/uploads\/2023\/07\/kitespot-wallpaper-1-300x169.webp\" class=\"attachment-medium size-medium wp-image-23032\" alt=\"\" srcset=\"https:\/\/kitespotapp.com\/wp-content\/uploads\/2023\/07\/kitespot-wallpaper-1-300x169.webp 300w, https:\/\/kitespotapp.com\/wp-content\/uploads\/2023\/07\/kitespot-wallpaper-1-1024x576.webp 1024w, https:\/\/kitespotapp.com\/wp-content\/uploads\/2023\/07\/kitespot-wallpaper-1-768x432.webp 768w, https:\/\/kitespotapp.com\/wp-content\/uploads\/2023\/07\/kitespot-wallpaper-1-1536x864.webp 1536w, https:\/\/kitespotapp.com\/wp-content\/uploads\/2023\/07\/kitespot-wallpaper-1-2048x1152.webp 2048w\" sizes=\"(max-width: 300px) 100vw, 300px\" \/><\/div><\/a>\n\t\t\t\t<div class=\"elementor-post__text\">\n\t\t\t\t<h3 class=\"elementor-post__title\">\n\t\t\t<a href=\"https:\/\/kitespotapp.com\/fr\/kitespot-blog-1\/\" >\n\t\t\t\tComment rechercher le bon endroit\t\t\t<\/a>\n\t\t<\/h3>\n\t\t\t\t<div class=\"elementor-post__excerpt\">\n\t\t\t<p>Comment rechercher le bon endroit \u00ab\u00a0Un guide essentiel pour trouver les endroits parfaits pour pratiquer le kitesurf, la planche \u00e0<\/p>\n\t\t<\/div>\n\t\t\t\t\t<div class=\"elementor-post__read-more-wrapper\">\n\t\t\n\t\t<a class=\"elementor-post__read-more\" href=\"https:\/\/kitespotapp.com\/fr\/kitespot-blog-1\/\" aria-label=\"En savoir plus sur Comment rechercher le bon endroit\" tabindex=\"-1\" >\n\t\t\tLire la suite \u00bb\t\t<\/a>\n\n\t\t\t\t\t<\/div>\n\t\t\t\t<\/div>\n\t\t\t\t<div class=\"elementor-post__meta-data\">\n\t\t\t\t\t<span class=\"elementor-post-date\">\n\t\t\t26 juillet 2023\t\t<\/span>\n\t\t\t\t<span class=\"elementor-post-avatar\">\n\t\t\tAucun commentaire\t\t<\/span>\n\t\t\t\t<\/div>\n\t\t\t\t\t<\/div>\n\t\t<\/article>\n\t\t\t\t<\/div>\n\t\t\n\t\t\t\t\t\t<\/div>\n\t\t\t\t<\/div>\n\t\t\t\t\t<\/div>\n\t\t\t\t<\/div>\n\t\t\t\t<\/div>\n\t\t","protected":false},"excerpt":{"rendered":"","protected":false},"author":1,"featured_media":0,"parent":0,"menu_order":0,"comment_status":"closed","ping_status":"closed","template":"","meta":{"footnotes":""},"class_list":["post-23504","page","type-page","status-publish","hentry"],"_links":{"self":[{"href":"https:\/\/kitespotapp.com\/fr\/wp-json\/wp\/v2\/pages\/23504","targetHints":{"allow":["GET"]}}],"collection":[{"href":"https:\/\/kitespotapp.com\/fr\/wp-json\/wp\/v2\/pages"}],"about":[{"href":"https:\/\/kitespotapp.com\/fr\/wp-json\/wp\/v2\/types\/page"}],"author":[{"embeddable":true,"href":"https:\/\/kitespotapp.com\/fr\/wp-json\/wp\/v2\/users\/1"}],"replies":[{"embeddable":true,"href":"https:\/\/kitespotapp.com\/fr\/wp-json\/wp\/v2\/comments?post=23504"}],"version-history":[{"count":12,"href":"https:\/\/kitespotapp.com\/fr\/wp-json\/wp\/v2\/pages\/23504\/revisions"}],"predecessor-version":[{"id":31266,"href":"https:\/\/kitespotapp.com\/fr\/wp-json\/wp\/v2\/pages\/23504\/revisions\/31266"}],"wp:attachment":[{"href":"https:\/\/kitespotapp.com\/fr\/wp-json\/wp\/v2\/media?parent=23504"}],"curies":[{"name":"wp","href":"https:\/\/api.w.org\/{rel}","templated":true}]}}