{"id":23510,"date":"2023-07-14T06:15:36","date_gmt":"2023-07-14T06:15:36","guid":{"rendered":"https:\/\/kitespotapp.com\/blog\/"},"modified":"2025-03-26T16:08:42","modified_gmt":"2025-03-26T16:08:42","slug":"blog","status":"publish","type":"page","link":"https:\/\/kitespotapp.com\/es\/blog\/","title":{"rendered":"Blog"},"content":{"rendered":"\t\t<div data-elementor-type=\"wp-page\" data-elementor-id=\"23510\" class=\"elementor elementor-23510 elementor-16313\" data-elementor-post-type=\"page\">\n\t\t\t\t<div class=\"elementor-element elementor-element-d196a8b e-flex e-con-boxed e-con e-parent\" data-id=\"d196a8b\" data-element_type=\"container\" data-e-type=\"container\">\n\t\t\t\t\t<div class=\"e-con-inner\">\n\t\t\t\t<div class=\"elementor-element elementor-element-f5811ff elementor-grid-4 elementor-grid-tablet-2 elementor-grid-mobile-1 elementor-posts--thumbnail-top elementor-card-shadow-yes elementor-posts__hover-gradient elementor-widget elementor-widget-posts\" data-id=\"f5811ff\" data-element_type=\"widget\" data-e-type=\"widget\" data-settings=\"{&quot;cards_columns&quot;:&quot;4&quot;,&quot;cards_columns_tablet&quot;:&quot;2&quot;,&quot;cards_columns_mobile&quot;:&quot;1&quot;,&quot;cards_row_gap&quot;:{&quot;unit&quot;:&quot;px&quot;,&quot;size&quot;:35,&quot;sizes&quot;:[]},&quot;cards_row_gap_laptop&quot;:{&quot;unit&quot;:&quot;px&quot;,&quot;size&quot;:&quot;&quot;,&quot;sizes&quot;:[]},&quot;cards_row_gap_tablet_extra&quot;:{&quot;unit&quot;:&quot;px&quot;,&quot;size&quot;:&quot;&quot;,&quot;sizes&quot;:[]},&quot;cards_row_gap_tablet&quot;:{&quot;unit&quot;:&quot;px&quot;,&quot;size&quot;:&quot;&quot;,&quot;sizes&quot;:[]},&quot;cards_row_gap_mobile_extra&quot;:{&quot;unit&quot;:&quot;px&quot;,&quot;size&quot;:&quot;&quot;,&quot;sizes&quot;:[]},&quot;cards_row_gap_mobile&quot;:{&quot;unit&quot;:&quot;px&quot;,&quot;size&quot;:&quot;&quot;,&quot;sizes&quot;:[]}}\" data-widget_type=\"posts.cards\">\n\t\t\t\t<div class=\"elementor-widget-container\">\n\t\t\t\t\t\t\t<div class=\"elementor-posts-container elementor-posts elementor-posts--skin-cards elementor-grid\" role=\"list\">\n\t\t\t\t<article class=\"elementor-post elementor-grid-item post-30916 post type-post status-publish format-standard has-post-thumbnail hentry category-blog-es tag-kite-trip-es tag-kiteboarding-es tag-kitespot-es tag-kitesurf-es tag-kitesurfing-es tag-windsurfing-es tag-wingfoiling-es\" role=\"listitem\">\n\t\t\t<div class=\"elementor-post__card\">\n\t\t\t\t<a class=\"elementor-post__thumbnail__link\" href=\"https:\/\/kitespotapp.com\/es\/best-spots-in-dubai\/\" tabindex=\"-1\" ><div class=\"elementor-post__thumbnail\"><img fetchpriority=\"high\" decoding=\"async\" width=\"300\" height=\"200\" src=\"https:\/\/kitespotapp.com\/wp-content\/uploads\/2025\/01\/Schermata-2025-02-07-alle-16.28.27-300x200.png\" class=\"attachment-medium size-medium wp-image-30755\" alt=\"\" srcset=\"https:\/\/kitespotapp.com\/wp-content\/uploads\/2025\/01\/Schermata-2025-02-07-alle-16.28.27-300x200.png 300w, https:\/\/kitespotapp.com\/wp-content\/uploads\/2025\/01\/Schermata-2025-02-07-alle-16.28.27-1024x681.png 1024w, https:\/\/kitespotapp.com\/wp-content\/uploads\/2025\/01\/Schermata-2025-02-07-alle-16.28.27-768x511.png 768w, https:\/\/kitespotapp.com\/wp-content\/uploads\/2025\/01\/Schermata-2025-02-07-alle-16.28.27.png 1445w\" sizes=\"(max-width: 300px) 100vw, 300px\" \/><\/div><\/a>\n\t\t\t\t<div class=\"elementor-post__text\">\n\t\t\t\t<h3 class=\"elementor-post__title\">\n\t\t\t<a href=\"https:\/\/kitespotapp.com\/es\/best-spots-in-dubai\/\" >\n\t\t\t\tBest Spots in Dubai\t\t\t<\/a>\n\t\t<\/h3>\n\t\t\t\t<div class=\"elementor-post__excerpt\">\n\t\t\t<p>Kitesurfing in Dubai\u200b\u200b Where Warm Winds Meet Luxury Leisure\u200b\u200b Image credit: Vicky Yu (source: unsplash.com) Dubai: Where Luxury, Adventure, and<\/p>\n\t\t<\/div>\n\t\t\t\t\t<div class=\"elementor-post__read-more-wrapper\">\n\t\t\n\t\t<a class=\"elementor-post__read-more\" href=\"https:\/\/kitespotapp.com\/es\/best-spots-in-dubai\/\" aria-label=\"M\u00e1s informaci\u00f3n sobre Best Spots in Dubai\" tabindex=\"-1\" >\n\t\t\tLeer m\u00e1s \u00bb\t\t<\/a>\n\n\t\t\t\t\t<\/div>\n\t\t\t\t<\/div>\n\t\t\t\t<div class=\"elementor-post__meta-data\">\n\t\t\t\t\t<span class=\"elementor-post-date\">\n\t\t\t10 de enero de 2025\t\t<\/span>\n\t\t\t\t<span class=\"elementor-post-avatar\">\n\t\t\tNo hay comentarios\t\t<\/span>\n\t\t\t\t<\/div>\n\t\t\t\t\t<\/div>\n\t\t<\/article>\n\t\t\t\t<article class=\"elementor-post elementor-grid-item post-24729 post type-post status-publish format-standard has-post-thumbnail hentry category-blog category-blog-es tag-kite-spot-es tag-kiteboard-es tag-kiteboarding-es tag-kitespot-es tag-kitesurf-es tag-kitesurfing-es tag-snowkite-es tag-snowkiting-es tag-windsurf-es tag-windsurfing-es tag-wing-foil-es tag-wing-foiling-es tag-wingfoil-es tag-wingfoiling-es\" role=\"listitem\">\n\t\t\t<div class=\"elementor-post__card\">\n\t\t\t\t<a class=\"elementor-post__thumbnail__link\" href=\"https:\/\/kitespotapp.com\/es\/kitespot-charter\/\" tabindex=\"-1\" ><div class=\"elementor-post__thumbnail\"><img decoding=\"async\" width=\"300\" height=\"145\" src=\"https:\/\/kitespotapp.com\/wp-content\/uploads\/2024\/11\/Frame-2098-1-300x145.png\" class=\"attachment-medium size-medium wp-image-25995\" alt=\"\" srcset=\"https:\/\/kitespotapp.com\/wp-content\/uploads\/2024\/11\/Frame-2098-1-300x145.png 300w, https:\/\/kitespotapp.com\/wp-content\/uploads\/2024\/11\/Frame-2098-1-1024x494.png 1024w, https:\/\/kitespotapp.com\/wp-content\/uploads\/2024\/11\/Frame-2098-1-768x370.png 768w, https:\/\/kitespotapp.com\/wp-content\/uploads\/2024\/11\/Frame-2098-1-1536x740.png 1536w, https:\/\/kitespotapp.com\/wp-content\/uploads\/2024\/11\/Frame-2098-1-2048x987.png 2048w\" sizes=\"(max-width: 300px) 100vw, 300px\" \/><\/div><\/a>\n\t\t\t\t<div class=\"elementor-post__text\">\n\t\t\t\t<h3 class=\"elementor-post__title\">\n\t\t\t<a href=\"https:\/\/kitespotapp.com\/es\/kitespot-charter\/\" >\n\t\t\t\tKitespot charta\t\t\t<\/a>\n\t\t<\/h3>\n\t\t\t\t<div class=\"elementor-post__excerpt\">\n\t\t\t<p>La Carta del Surfista Responsable para el uso de los spots de kitesurf, wingfoil o windsurf. Cuando practicas kitesurf, wingfoiling<\/p>\n\t\t<\/div>\n\t\t\t\t\t<div class=\"elementor-post__read-more-wrapper\">\n\t\t\n\t\t<a class=\"elementor-post__read-more\" href=\"https:\/\/kitespotapp.com\/es\/kitespot-charter\/\" aria-label=\"M\u00e1s informaci\u00f3n sobre Kitespot charta\" tabindex=\"-1\" >\n\t\t\tLeer m\u00e1s \u00bb\t\t<\/a>\n\n\t\t\t\t\t<\/div>\n\t\t\t\t<\/div>\n\t\t\t\t<div class=\"elementor-post__meta-data\">\n\t\t\t\t\t<span class=\"elementor-post-date\">\n\t\t\t8 de noviembre de 2024\t\t<\/span>\n\t\t\t\t<span class=\"elementor-post-avatar\">\n\t\t\tNo hay comentarios\t\t<\/span>\n\t\t\t\t<\/div>\n\t\t\t\t\t<\/div>\n\t\t<\/article>\n\t\t\t\t<article class=\"elementor-post elementor-grid-item post-23566 post type-post status-publish format-standard has-post-thumbnail hentry category-blog-es tag-kite-spot-es tag-kiteboard-es tag-kiteboarding-es tag-kitespot-es tag-kitesurf-es tag-kitesurfing-es tag-snowkite-es tag-snowkiting-es tag-windsurf-es tag-windsurfing-es tag-wing-foil-es tag-wing-foiling-es tag-wingfoil-es tag-wingfoiling-es\" role=\"listitem\">\n\t\t\t<div class=\"elementor-post__card\">\n\t\t\t\t<a class=\"elementor-post__thumbnail__link\" href=\"https:\/\/kitespotapp.com\/es\/kitesurfing-disciplines\/\" tabindex=\"-1\" ><div class=\"elementor-post__thumbnail\"><img decoding=\"async\" width=\"300\" height=\"169\" src=\"https:\/\/kitespotapp.com\/wp-content\/uploads\/2023\/07\/Screenshot-2023-07-21-160217-300x169.png\" class=\"attachment-medium size-medium wp-image-23094\" alt=\"\" srcset=\"https:\/\/kitespotapp.com\/wp-content\/uploads\/2023\/07\/Screenshot-2023-07-21-160217-300x169.png 300w, https:\/\/kitespotapp.com\/wp-content\/uploads\/2023\/07\/Screenshot-2023-07-21-160217-1024x576.png 1024w, https:\/\/kitespotapp.com\/wp-content\/uploads\/2023\/07\/Screenshot-2023-07-21-160217-768x432.png 768w, https:\/\/kitespotapp.com\/wp-content\/uploads\/2023\/07\/Screenshot-2023-07-21-160217-1536x864.png 1536w, https:\/\/kitespotapp.com\/wp-content\/uploads\/2023\/07\/Screenshot-2023-07-21-160217-2048x1152.png 2048w\" sizes=\"(max-width: 300px) 100vw, 300px\" \/><\/div><\/a>\n\t\t\t\t<div class=\"elementor-post__text\">\n\t\t\t\t<h3 class=\"elementor-post__title\">\n\t\t\t<a href=\"https:\/\/kitespotapp.com\/es\/kitesurfing-disciplines\/\" >\n\t\t\t\tDisciplinas del kitesurf\t\t\t<\/a>\n\t\t<\/h3>\n\t\t\t\t<div class=\"elementor-post__excerpt\">\n\t\t\t<p>Disciplinas del kitesurf No se trata s\u00f3lo de cabalgar las olas; se trata de dominar una variedad de disciplinas que<\/p>\n\t\t<\/div>\n\t\t\t\t\t<div class=\"elementor-post__read-more-wrapper\">\n\t\t\n\t\t<a class=\"elementor-post__read-more\" href=\"https:\/\/kitespotapp.com\/es\/kitesurfing-disciplines\/\" aria-label=\"M\u00e1s informaci\u00f3n sobre Disciplinas del kitesurf\" tabindex=\"-1\" >\n\t\t\tLeer m\u00e1s \u00bb\t\t<\/a>\n\n\t\t\t\t\t<\/div>\n\t\t\t\t<\/div>\n\t\t\t\t<div class=\"elementor-post__meta-data\">\n\t\t\t\t\t<span class=\"elementor-post-date\">\n\t\t\t8 de febrero de 2024\t\t<\/span>\n\t\t\t\t<span class=\"elementor-post-avatar\">\n\t\t\tNo hay comentarios\t\t<\/span>\n\t\t\t\t<\/div>\n\t\t\t\t\t<\/div>\n\t\t<\/article>\n\t\t\t\t<article class=\"elementor-post elementor-grid-item post-23574 post type-post status-publish format-standard has-post-thumbnail hentry category-blog-es tag-kite-spot-es tag-kiteboard-es tag-kiteboarding-es tag-kitespot-es tag-kitesurf-es tag-kitesurfing-es tag-snowkite-es tag-snowkiting-es tag-windsurf-es tag-windsurfing-es tag-wing-foil-es tag-wing-foiling-es tag-wingfoil-es tag-wingfoiling-es\" role=\"listitem\">\n\t\t\t<div class=\"elementor-post__card\">\n\t\t\t\t<a class=\"elementor-post__thumbnail__link\" href=\"https:\/\/kitespotapp.com\/es\/hidden-hazard\/\" tabindex=\"-1\" ><div class=\"elementor-post__thumbnail\"><img loading=\"lazy\" decoding=\"async\" width=\"300\" height=\"173\" src=\"https:\/\/kitespotapp.com\/wp-content\/uploads\/2023\/08\/hidden-HAZARD-300x173.webp\" class=\"attachment-medium size-medium wp-image-23422\" alt=\"\" srcset=\"https:\/\/kitespotapp.com\/wp-content\/uploads\/2023\/08\/hidden-HAZARD-300x173.webp 300w, https:\/\/kitespotapp.com\/wp-content\/uploads\/2023\/08\/hidden-HAZARD-1024x591.webp 1024w, https:\/\/kitespotapp.com\/wp-content\/uploads\/2023\/08\/hidden-HAZARD-768x443.webp 768w, https:\/\/kitespotapp.com\/wp-content\/uploads\/2023\/08\/hidden-HAZARD-1536x887.webp 1536w, https:\/\/kitespotapp.com\/wp-content\/uploads\/2023\/08\/hidden-HAZARD-2048x1182.webp 2048w\" sizes=\"(max-width: 300px) 100vw, 300px\" \/><\/div><\/a>\n\t\t\t\t<div class=\"elementor-post__text\">\n\t\t\t\t<h3 class=\"elementor-post__title\">\n\t\t\t<a href=\"https:\/\/kitespotapp.com\/es\/hidden-hazard\/\" >\n\t\t\t\tEl PELIGRO oculto\t\t\t<\/a>\n\t\t<\/h3>\n\t\t\t\t<div class=\"elementor-post__excerpt\">\n\t\t\t<p>El PELIGRO oculto : Las boyas y la SEGURIDAD en Kitesurf El kitesurf, un deporte de euforia y destreza, tiene<\/p>\n\t\t<\/div>\n\t\t\t\t\t<div class=\"elementor-post__read-more-wrapper\">\n\t\t\n\t\t<a class=\"elementor-post__read-more\" href=\"https:\/\/kitespotapp.com\/es\/hidden-hazard\/\" aria-label=\"M\u00e1s informaci\u00f3n sobre El PELIGRO oculto\" tabindex=\"-1\" >\n\t\t\tLeer m\u00e1s \u00bb\t\t<\/a>\n\n\t\t\t\t\t<\/div>\n\t\t\t\t<\/div>\n\t\t\t\t<div class=\"elementor-post__meta-data\">\n\t\t\t\t\t<span class=\"elementor-post-date\">\n\t\t\t7 de febrero de 2024\t\t<\/span>\n\t\t\t\t<span class=\"elementor-post-avatar\">\n\t\t\tNo hay comentarios\t\t<\/span>\n\t\t\t\t<\/div>\n\t\t\t\t\t<\/div>\n\t\t<\/article>\n\t\t\t\t<article class=\"elementor-post elementor-grid-item post-23590 post type-post status-publish format-standard has-post-thumbnail hentry category-blog-es tag-kite-spot-es tag-kiteboard-es tag-kiteboarding-es tag-kitespot-es tag-kitesurf-es tag-kitesurfing-es tag-snowkite-es tag-snowkiting-es tag-windsurf-es tag-windsurfing-es tag-wing-foil-es tag-wing-foiling-es tag-wingfoil-es tag-wingfoiling-es\" role=\"listitem\">\n\t\t\t<div class=\"elementor-post__card\">\n\t\t\t\t<a class=\"elementor-post__thumbnail__link\" href=\"https:\/\/kitespotapp.com\/es\/kitespot-blog-1\/\" tabindex=\"-1\" ><div class=\"elementor-post__thumbnail\"><img loading=\"lazy\" decoding=\"async\" width=\"300\" height=\"169\" src=\"https:\/\/kitespotapp.com\/wp-content\/uploads\/2023\/07\/kitespot-wallpaper-1-300x169.webp\" class=\"attachment-medium size-medium wp-image-23038\" alt=\"\" srcset=\"https:\/\/kitespotapp.com\/wp-content\/uploads\/2023\/07\/kitespot-wallpaper-1-300x169.webp 300w, https:\/\/kitespotapp.com\/wp-content\/uploads\/2023\/07\/kitespot-wallpaper-1-1024x576.webp 1024w, https:\/\/kitespotapp.com\/wp-content\/uploads\/2023\/07\/kitespot-wallpaper-1-768x432.webp 768w, https:\/\/kitespotapp.com\/wp-content\/uploads\/2023\/07\/kitespot-wallpaper-1-1536x864.webp 1536w, https:\/\/kitespotapp.com\/wp-content\/uploads\/2023\/07\/kitespot-wallpaper-1-2048x1152.webp 2048w\" sizes=\"(max-width: 300px) 100vw, 300px\" \/><\/div><\/a>\n\t\t\t\t<div class=\"elementor-post__text\">\n\t\t\t\t<h3 class=\"elementor-post__title\">\n\t\t\t<a href=\"https:\/\/kitespotapp.com\/es\/kitespot-blog-1\/\" >\n\t\t\t\tC\u00f3mo buscar el lugar adecuado\t\t\t<\/a>\n\t\t<\/h3>\n\t\t\t\t<div class=\"elementor-post__excerpt\">\n\t\t\t<p>C\u00f3mo buscar el lugar adecuado \u00abUna gu\u00eda esencial sobre c\u00f3mo encontrar los lugares perfectos para practicar Kiteboarding, Windsurf y Wingfoiling\u00bb<\/p>\n\t\t<\/div>\n\t\t\t\t\t<div class=\"elementor-post__read-more-wrapper\">\n\t\t\n\t\t<a class=\"elementor-post__read-more\" href=\"https:\/\/kitespotapp.com\/es\/kitespot-blog-1\/\" aria-label=\"M\u00e1s informaci\u00f3n sobre C\u00f3mo buscar el lugar adecuado\" tabindex=\"-1\" >\n\t\t\tLeer m\u00e1s \u00bb\t\t<\/a>\n\n\t\t\t\t\t<\/div>\n\t\t\t\t<\/div>\n\t\t\t\t<div class=\"elementor-post__meta-data\">\n\t\t\t\t\t<span class=\"elementor-post-date\">\n\t\t\t26 de julio de 2023\t\t<\/span>\n\t\t\t\t<span class=\"elementor-post-avatar\">\n\t\t\tNo hay comentarios\t\t<\/span>\n\t\t\t\t<\/div>\n\t\t\t\t\t<\/div>\n\t\t<\/article>\n\t\t\t\t<\/div>\n\t\t\n\t\t\t\t\t\t<\/div>\n\t\t\t\t<\/div>\n\t\t\t\t\t<\/div>\n\t\t\t\t<\/div>\n\t\t\t\t<\/div>\n\t\t","protected":false},"excerpt":{"rendered":"","protected":false},"author":1,"featured_media":0,"parent":0,"menu_order":0,"comment_status":"closed","ping_status":"closed","template":"","meta":{"footnotes":""},"class_list":["post-23510","page","type-page","status-publish","hentry"],"_links":{"self":[{"href":"https:\/\/kitespotapp.com\/es\/wp-json\/wp\/v2\/pages\/23510","targetHints":{"allow":["GET"]}}],"collection":[{"href":"https:\/\/kitespotapp.com\/es\/wp-json\/wp\/v2\/pages"}],"about":[{"href":"https:\/\/kitespotapp.com\/es\/wp-json\/wp\/v2\/types\/page"}],"author":[{"embeddable":true,"href":"https:\/\/kitespotapp.com\/es\/wp-json\/wp\/v2\/users\/1"}],"replies":[{"embeddable":true,"href":"https:\/\/kitespotapp.com\/es\/wp-json\/wp\/v2\/comments?post=23510"}],"version-history":[{"count":12,"href":"https:\/\/kitespotapp.com\/es\/wp-json\/wp\/v2\/pages\/23510\/revisions"}],"predecessor-version":[{"id":31729,"href":"https:\/\/kitespotapp.com\/es\/wp-json\/wp\/v2\/pages\/23510\/revisions\/31729"}],"wp:attachment":[{"href":"https:\/\/kitespotapp.com\/es\/wp-json\/wp\/v2\/media?parent=23510"}],"curies":[{"name":"wp","href":"https:\/\/api.w.org\/{rel}","templated":true}]}}